{"id":3,"date":"2019-01-29T18:34:25","date_gmt":"2019-01-29T18:34:25","guid":{"rendered":"https:\/\/montexanic.mx\/tienda\/\/?page_id=3"},"modified":"2024-05-27T14:53:08","modified_gmt":"2024-05-27T20:53:08","slug":"aviso-de-privacidad","status":"publish","type":"page","link":"https:\/\/montexanic.mx\/tienda\/aviso-de-privacidad\/","title":{"rendered":"Aviso de Privacidad"},"content":{"rendered":"<div class=\"wpb-content-wrapper\"><p>[vc_row css_animation=&#8221;&#8221; row_type=&#8221;row&#8221; use_row_as_full_screen_section=&#8221;no&#8221; type=&#8221;full_width&#8221; angled_section=&#8221;no&#8221; text_align=&#8221;left&#8221; background_image_as_pattern=&#8221;without_pattern&#8221;][vc_column][vc_column_text css=&#8221;&#8221;]<\/p>\n<h2>AVISO DE PRIVACIDAD<\/h2>\n<p>&nbsp;<\/p>\n<p>Monte Xanic, S. de R.L. de C.V., con domicilio en Av. Eje\u0301rcito Nacional 531 2do piso. Col. Granada, Alcaldi\u0301a Miguel Hidalgo, C.P. 11520 CDMX. Me\u0301xico.<\/p>\n<p>&nbsp;<\/p>\n<p>Le reitera que para nosotros usted es lo ma\u0301s importante, por lo que su confianza es nuestra prioridad y en cumplimiento con la Ley Federal de Proteccio\u0301n de Datos Personales en Posesio\u0301n de los Particulares (LFPDPPP), su reglamento y dema\u0301s normatividad aplicable, para asegurar la proteccio\u0301n, privacidad y uso que se les de\u0301 a sus datos personales, asi\u0301 como el acceso, la rectificacio\u0301n, cancelacio\u0301n y oposicio\u0301n del manejo de los mismos, de lo cual somos responsables. Por lo que continuamente estamos vigilando nuestros procesos de proteccio\u0301n de datos.<\/p>\n<p>&nbsp;<\/p>\n<p>Por lo anterior compartimos con usted nuestra poli\u0301tica de privacidad.<\/p>\n<p>&nbsp;<\/p>\n<p>Los datos personales que recabamos de usted, sera\u0301n utilizados con la siguientes finalidades:<\/p>\n<p>&nbsp;<\/p>\n<p>primarias y necesarias para el servicio que usted solicita: Identificarlo, atender y gestionar cualquier solicitud relacionada con los productos y servicios que ofrecemos y ha solicitado, facilitar la localizacio\u0301n, tramitacio\u0301n y venta de productos y servicios, dar cumplimiento a obligaciones contrai\u0301das con clientes y proveedores, gestionar la entrega de mercanci\u0301a, contactarle para dar seguimiento al producto o servicio solicitado o en relacio\u0301n con cualquier queja o reclamacio\u0301n, devoluciones, aclaraciones bancarias; elaborar las facturas y remisiones que amparan nuestros productos y servicios, procesar y darle seguimiento a o\u0301rdenes de compra, tambie\u0301n para darle informacio\u0301n relacionada con su cuenta con los productos o servicios adquiridos, asi\u0301 como para celebrar los contratos necesarios para el adecuado funcionamiento de nuestras operaciones.<\/p>\n<p>&nbsp;<\/p>\n<p>De manera adicional utilizaremos su informacio\u0301n personal para las siguientes finalidades que no son necesarias para el servicio solicitado, pero que nos permiten y facilitan brindarle una mejor atencio\u0301n: Elaborar fines estadi\u0301sticos, posibles contactos posteriores y facilitar compras futuras, envi\u0301o de correo electro\u0301nico con informacio\u0301n y publicidad propia, evaluar la calidad del servicio que le brindamos, la realizacio\u0301n de consultas e investigaciones de nuestros productos.<\/p>\n<p>&nbsp;<\/p>\n<p>En caso que no desee que sus datos personales sean tratados para estos fines adicionales, indi\u0301quelo a continuacio\u0301n:<\/p>\n<p>&nbsp;<\/p>\n<p>No deseo que mis datos personales sean utilizados para finalidades secundarias.<\/p>\n<p>La negativa para el uso de sus datos personales para estas finalidades no podra\u0301 ser motivo para que le neguemos los servicios y productos que solicita o contrata con nosotros.<\/p>\n<p>&nbsp;<\/p>\n<p>La informacio\u0301n que se recabara\u0301 de usted son los datos personales de identificacio\u0301n y de contacto necesarios para la adecuada realizacio\u0301n de las operaciones que efectuamos, por lo que no recabaremos datos sensibles ni laborales.<\/p>\n<p>&nbsp;<\/p>\n<p>Dichos datos personales pueden ser obtenidos de usted, ya sea personalmente o bien, directamente por cualquier medio electro\u0301nico, o a trave\u0301s de cualquier otra tecnologi\u0301a.<\/p>\n<p>Para llevar a cabo las finalidades descritas en el presente aviso de privacidad, utilizaremos los siguientes datos personales: Nombre completo, direccio\u0301n de facturacio\u0301n y direccio\u0301n de envi\u0301o, tele\u0301fono, correo electro\u0301nico; asi\u0301 como los datos de su tarjeta de cre\u0301dito o de\u0301bito para efectuar sus pago a la que no tendremos acceso, en caso de pago a proveedores ya sea el nu\u0301mero de la cuenta bancaria o de la clave bancaria estandarizada (CLABE) para poder efectuar el pago.<\/p>\n<p>&nbsp;<\/p>\n<p>Tambie\u0301n le informamos que sus datos personales recabados, pueden ser transferidos y tratados dentro y fuera del pai\u0301s, por personas distintas a esta empresa, atendiendo requerimientos de informacio\u0301n de las autoridades competentes, en cumplimiento con el Art. 37 de la (LFPDPPP) En ese sentido, su informacio\u0301n puede ser compartida con las distintas Autoridades, de conformidad con las leyes vigentes.<\/p>\n<p>&nbsp;<\/p>\n<p>En cualquier caso, comunicaremos el presente aviso de privacidad a los destinatarios de sus datos personales, a fin de que respeten sus te\u0301rminos.<\/p>\n<p>&nbsp;<\/p>\n<p>No consiento que mis datos personales sean transferidos a terceros distintos a las autoridades competentes en los te\u0301rminos que sen\u0303ala el presente aviso de privacidad.<\/p>\n<p>&nbsp;<\/p>\n<p>Usted tiene derecho a conocer que\u0301 datos personales tenemos de usted, para que los utilizamos y las condiciones del uso que les damos (Acceso). Asimismo es su derecho solicitar la correccio\u0301n de su informacio\u0301n personal en caso de que este desactualizada, sea inexacta o incompleta (Rectificacio\u0301n); que la eliminemos de nuestros registros o bases de datos cuando considere que la misma no esta\u0301 siendo utilizada conforme a los principios deberes y obligaciones previstas en la normativa (Cancelacio\u0301n); asi\u0301 como oponerse al uso de sus datos personales para fines especi\u0301ficos (Oposicio\u0301n). Estos derechos se conocen como derechos ARCO, que la Ley preve\u0301 mediante la presentacio\u0301n de su solicitud por escrito, para conocer el procedimiento, los requisitos y plazos, se puede poner en contacto con nuestro departamento de datos personales en el siguiente correo, datospersonales@montexanic.com.mx o dirigirse a Av. Eje\u0301rcito Nacional 531 2do piso. Col. Granada, Alcaldi\u0301a Miguel Hidalgo, C.P. 11520 Ciudad de Me\u0301xico. Me\u0301xico. o visitar nuestra pa\u0301gina de Internet www.montexanic.com.mx. Para mayor informacio\u0301n visite www.inai.org.mx.<\/p>\n<p>&nbsp;<\/p>\n<p>Le informamos que en nuestra pa\u0301gina de internet utilizamos cookies, web beacons y otras tecnologi\u0301as, las cookies son pequen\u0303as cantidades de informacio\u0301n que se almacenan en el navegador utilizado por cada usuario para que el servidor recuerde cierta informacio\u0301n que posteriormente pueda utilizar, a trave\u0301s de las cuales es posible monitorear su comportamiento como usuario de internet, brindarle un mejor servicio y experiencia de usuario al navegar en nuestra pa\u0301gina, asi\u0301 como ofrecerle nuevos productos y servicios basados en sus preferencias.<\/p>\n<p>&nbsp;<\/p>\n<p>Los datos personales que obtenemos de estas tecnologi\u0301as de rastreo son los siguientes: horario de navegacio\u0301n y tiempo de navegacio\u0301n en nuestra pa\u0301gina de internet y secciones consultadas.<\/p>\n<p>&nbsp;<\/p>\n<p>Asimismo le informamos que sus datos personales que se obtienen a trave\u0301s de estas tecnologi\u0301as son solo para fines estadi\u0301sticos.<\/p>\n<p>El presente aviso de privacidad puede sufrir modificaciones, cambios o se podra\u0301 actualizar derivado de nuevos procedimientos legales; de nuestras propias necesidades por los productos o servicios que ofrecemos; de nuestras pra\u0301cticas de privacidad o por otras causas. Le recomendamos revisar perio\u0301dicamente este Aviso para que se encuentre usted actualizado con nuestras u\u0301ltimas poli\u0301ticas de privacidad en www.montexanic.com.mx<\/p>\n<p>&nbsp;<\/p>\n<p>Uso de Cookies y Otras Tecnolog\u00edas de Rastreo<br \/>\nEn nuestra p\u00e1gina de internet utilizamos cookies, y otras tecnolog\u00edas para mejorar su experiencia de usuario y recopilar datos estad\u00edsticos sobre su interacci\u00f3n con nuestro sitio web. Las cookies que empleamos permiten que nuestro servidor web recuerde sus preferencias de usuario, mejore la velocidad de navegaci\u00f3n y personalice el contenido seg\u00fan sus intereses.<\/p>\n<p>Usted puede controlar el uso de cookies a trav\u00e9s de la configuraci\u00f3n de su navegador, donde puede eliminarlas o bloquearlas. Tenga en cuenta que algunas funciones de nuestro sitio web pueden no funcionar correctamente sin las cookies.<\/p>\n<p>&nbsp;<\/p>\n<p>Cambios a Nuestro Aviso de Privacidad<br \/>\nEste aviso de privacidad puede ser actualizado para reflejar cambios en nuestras pr\u00e1cticas de privacidad. Cualquier modificaci\u00f3n ser\u00e1 comunicada a trav\u00e9s de nuestro sitio web y, si son cambios significativos, notificaremos a nuestros usuarios activos por correo electr\u00f3nico. Le recomendamos revisar peri\u00f3dicamente este aviso para estar informado sobre c\u00f3mo protegemos su informaci\u00f3n personal.<\/p>\n<p>&nbsp;<\/p>\n<p>Fecha u\u0301ltima actualizacio\u0301n: 14\/mayo\/2024.[\/vc_column_text][\/vc_column][\/vc_row]<\/p>\n<\/div>","protected":false},"excerpt":{"rendered":"<p>[vc_row css_animation=&#8221;&#8221; row_type=&#8221;row&#8221; use_row_as_full_screen_section=&#8221;no&#8221; type=&#8221;full_width&#8221; angled_section=&#8221;no&#8221; text_align=&#8221;left&#8221; background_image_as_pattern=&#8221;without_pattern&#8221;][vc_column][vc_column_text css=&#8221;&#8221;] AVISO DE PRIVACIDAD &nbsp; Monte Xanic, S. de R.L. de C.V., con domicilio en Av. Eje\u0301rcito Nacional 531 2do piso. Col. Granada, Alcaldi\u0301a Miguel Hidalgo, C.P. 11520 CDMX. Me\u0301xico. &nbsp; Le reitera que para nosotros usted&#8230;<\/p>\n","protected":false},"author":1,"featured_media":0,"parent":0,"menu_order":0,"comment_status":"closed","ping_status":"open","template":"","meta":{"inline_featured_image":false,"footnotes":""},"class_list":["post-3","page","type-page","status-publish","hentry"],"_links":{"self":[{"href":"https:\/\/montexanic.mx\/tienda\/wp-json\/wp\/v2\/pages\/3"}],"collection":[{"href":"https:\/\/montexanic.mx\/tienda\/wp-json\/wp\/v2\/pages"}],"about":[{"href":"https:\/\/montexanic.mx\/tienda\/wp-json\/wp\/v2\/types\/page"}],"author":[{"embeddable":true,"href":"https:\/\/montexanic.mx\/tienda\/wp-json\/wp\/v2\/users\/1"}],"replies":[{"embeddable":true,"href":"https:\/\/montexanic.mx\/tienda\/wp-json\/wp\/v2\/comments?post=3"}],"version-history":[{"count":2,"href":"https:\/\/montexanic.mx\/tienda\/wp-json\/wp\/v2\/pages\/3\/revisions"}],"predecessor-version":[{"id":23369,"href":"https:\/\/montexanic.mx\/tienda\/wp-json\/wp\/v2\/pages\/3\/revisions\/23369"}],"wp:attachment":[{"href":"https:\/\/montexanic.mx\/tienda\/wp-json\/wp\/v2\/media?parent=3"}],"curies":[{"name":"wp","href":"https:\/\/api.w.org\/{rel}","templated":true}]}}