{"id":7781,"date":"2022-03-18T18:16:47","date_gmt":"2022-03-19T00:16:47","guid":{"rendered":"https:\/\/montexanic.mx\/tienda\/?page_id=7781"},"modified":"2025-09-29T17:19:06","modified_gmt":"2025-09-29T23:19:06","slug":"faq","status":"publish","type":"page","link":"https:\/\/montexanic.mx\/tienda\/faq\/","title":{"rendered":"FAQ"},"content":{"rendered":"<div class=\"wpb-content-wrapper\"><p>[vc_row css_animation=&#8221;&#8221; row_type=&#8221;row&#8221; use_row_as_full_screen_section=&#8221;no&#8221; type=&#8221;full_width&#8221; angled_section=&#8221;no&#8221; text_align=&#8221;left&#8221; background_image_as_pattern=&#8221;without_pattern&#8221;][vc_column][vc_column_text css=&#8221;&#8221;]<\/p>\n<div class=\"title-container\">\n<div class=\"line\"><\/div>\n<h2 class=\"title_home\">ENV\u00cdOS<\/h2>\n<div class=\"line\"><\/div>\n<\/div>\n<p>[\/vc_column_text][vc_empty_space height=&#8221;60px&#8221;][vc_accordion active_tab=&#8221;1&#8243; collapsible=&#8221;yes&#8221; style=&#8221;toggle&#8221;][vc_accordion_tab title=&#8221;\u00bfCu\u00e1nto tiempo tardar\u00e1 mi env\u00edo en llegar?&#8221;][vc_column_text]El tiempo que manejamos para la entrega de pedido es de 2-3 d\u00edas h\u00e1biles para CDMX, 3 a 5 d\u00edas h\u00e1biles el resto del pa\u00eds. Sin embargo, debido a la contingencia sanitaria por COVID-19 estos tiempos pueden demorarse m\u00e1s de lo establecido en algunos casos.[\/vc_column_text][\/vc_accordion_tab][vc_accordion_tab title=&#8221;\u00bfC\u00f3mo puedo dar seguimiento a mi env\u00edo?&#8221;][vc_column_text]Una vez realizada tu compra recibir\u00e1s un correo electr\u00f3nico en la direcci\u00f3n de correo que registraste. Ah\u00ed encontrar\u00e1s un \u201cTracking ID\u201d con el que podr\u00e1s dar seguimiento a tu entrega. Si en tu correo de confirmaci\u00f3n no se encuentra este n\u00famero, por favor env\u00edanos un mensaje a <a href=\"mailto:contacto@montexanic.com\">contacto@montexanic.com<\/a> y comp\u00e1rtenos tu # de orden y nombre completo para poder brindarte m\u00e1s informaci\u00f3n sobre tu env\u00edo.[\/vc_column_text][\/vc_accordion_tab][vc_accordion_tab title=&#8221;\u00bfQu\u00e9 costo tienen los env\u00edos?&#8221;][vc_column_text]El costo del env\u00edo se calcula de acuerdo con el n\u00famero de productos de tu compra y el C.P. de la direcci\u00f3n elegida para la entrega. Es por ello que cada pedido tendr\u00e1 un costo de entrega diferente.[\/vc_column_text][\/vc_accordion_tab][vc_accordion_tab title=&#8221;Quiero adquirir Monte Xanic, pero me encuentro fuera de M\u00e9xico. \u00bfhacen env\u00edos a otros pa\u00edses?&#8221;][vc_column_text]Tenemos opciones de compra fuera de M\u00e9xico. Encuentra las opciones disponibles en la siguiente p\u00e1gina:<br \/>\nhttps:\/\/montexanic.com.mx\/en\/where-to-buy\/[\/vc_column_text][\/vc_accordion_tab][\/vc_accordion][vc_empty_space height=&#8221;60px&#8221;][\/vc_column][\/vc_row][vc_row css_animation=&#8221;&#8221; row_type=&#8221;row&#8221; use_row_as_full_screen_section=&#8221;no&#8221; type=&#8221;full_width&#8221; angled_section=&#8221;no&#8221; text_align=&#8221;left&#8221; background_image_as_pattern=&#8221;without_pattern&#8221;][vc_column][vc_column_text css=&#8221;&#8221;]<\/p>\n<div class=\"title-container\">\n<div class=\"line\"><\/div>\n<h2 class=\"title_home\">FORMAS DE PAGO<\/h2>\n<div class=\"line\"><\/div>\n<\/div>\n<p>[\/vc_column_text][vc_empty_space height=&#8221;60px&#8221;][vc_accordion active_tab=&#8221;1&#8243; collapsible=&#8221;yes&#8221; style=&#8221;toggle&#8221;][vc_accordion_tab title=&#8221;\u00bfQu\u00e9 opciones de pago tiene la tienda?&#8221;][vc_column_text]Contamos con opciones de pago por medio de tarjetas de cr\u00e9dito y d\u00e9bito de las principales instituciones bancarias del pa\u00eds. Adicionalmente, contamos con opci\u00f3n de pago a trav\u00e9s de cuenta PayPal.[\/vc_column_text][\/vc_accordion_tab][vc_accordion_tab title=&#8221;Ya he seleccionado mis productos y los agregu\u00e9 al carrito. \u00bfC\u00f3mo finalizo mi compra?&#8221;][vc_column_text]Para finalizar tu compra, revisa los productos agregados a tu carrito dando clic en el \u00edcono que se encuentra en la parte superior derecha de la pantalla. Ah\u00ed podr\u00e1s hacer cambios en tu orden si lo deseas. Una vez hecho esto, selecciona \u201cFinalizar Compra\u201d y en la siguiente pantalla deber\u00e1s ingresar la direcci\u00f3n de entrega con la que ser\u00e1 calculado el costo de env\u00edo y podr\u00e1s proceder al pago de tu orden.[\/vc_column_text][\/vc_accordion_tab][vc_accordion_tab title=&#8221;Tengo un cup\u00f3n de descuento, \u00bfC\u00f3mo lo aplico?&#8221;][vc_column_text]Si cuentas con un cup\u00f3n vigente, podr\u00e1s registrarlo en el <em>checkout<\/em> de tu compra. Recuerda que LOS CUPONES NO SON ACUMULABES CON OTRAS PROMOCIONES O DESCUENTOS ADICIONALES.[\/vc_column_text][\/vc_accordion_tab][vc_accordion_tab title=&#8221;\u00bfC\u00f3mo puedo solicitar factura por mi compra?&#8221;][vc_column_text]Para recibir factura deber\u00e1s solicitarla al momento de tu compra. En el <em>checkout<\/em> selecciona la opci\u00f3n \u201cSI REQUIERO FACTURA\u201d y registra la informaci\u00f3n fiscal para poder emitirla. En caso de seleccionar \u201cNO REQUIERO FACTURA\u201d ya no podr\u00e1 ser solicitada despu\u00e9s.[\/vc_column_text][\/vc_accordion_tab][vc_accordion_tab title=&#8221;Mi producto lleg\u00f3 da\u00f1ado. \u00bfC\u00f3mo puedo aplicar una garant\u00eda?&#8221;][vc_column_text]No contamos con cambios o devoluciones de mercanc\u00eda. Sin embargo, si al recibir tu pedido identificas el empaque alterado o da\u00f1ado, o tu dentro de \u00e9ste se encuentra alg\u00fan producto da\u00f1ado, ser\u00e1 necesario enviar un correo a <a href=\"mailto:contacto@montexanic.com.mx\">contacto@montexanic.com.mx<\/a> con la siguiente informaci\u00f3n:<\/p>\n<ul>\n<li>Fotograf\u00edas de los 6 lados del empaque exterior, donde se visualice claramente la gu\u00eda adherida a la caja y se pueda relacionar en la reclamaci\u00f3n.<\/li>\n<li>3 Fotograf\u00edas m\u00ednimo del da\u00f1o interno (contenido y empaque da\u00f1ado)<\/li>\n<li>N\u00famero de pedido<\/li>\n<\/ul>\n<p>Una vez que recibamos esta informaci\u00f3n, se iniciar\u00e1 el proceso de investigaci\u00f3n para determinar el da\u00f1o y tipo de garant\u00eda que podr\u00e1 proceder. Tomar\u00e1 varios d\u00edas llevar a cabo este proceso por lo que agradecemos tu paciencia.[\/vc_column_text][\/vc_accordion_tab][\/vc_accordion][vc_empty_space height=&#8221;60px&#8221;][\/vc_column][\/vc_row][vc_row css_animation=&#8221;&#8221; row_type=&#8221;row&#8221; use_row_as_full_screen_section=&#8221;no&#8221; type=&#8221;full_width&#8221; angled_section=&#8221;no&#8221; text_align=&#8221;left&#8221; background_image_as_pattern=&#8221;without_pattern&#8221;][vc_column][vc_column_text css=&#8221;&#8221;]<\/p>\n<div class=\"title-container\">\n<div class=\"line\"><\/div>\n<h2 class=\"title_home\">VISITAS A LA VIN\u00cdCOLA MONTE XANIC<\/h2>\n<div class=\"line\"><\/div>\n<\/div>\n<p>[\/vc_column_text][vc_empty_space height=&#8221;60px&#8221;][vc_accordion active_tab=&#8221;1&#8243; collapsible=&#8221;yes&#8221; style=&#8221;toggle&#8221;][vc_accordion_tab title=&#8221;\u00bfEn d\u00f3nde puedo realizar una reservaci\u00f3n?&#8221;][vc_column_text]Puedes realizar tu reservaci\u00f3n en nuestro enlace <a href=\"http:\/\/www.meitre.com\/monte-xanic\">www.meitre.com\/monte-xanic<\/a>[\/vc_column_text][\/vc_accordion_tab][vc_accordion_tab title=&#8221;\u00bfCu\u00e1l es la diferencia entre degustaciones y experiencias especiales?&#8221;][vc_column_text]Ambas opciones son excelentes.<\/p>\n<p>Las degustaciones incluyen recorrido en instalaciones, ideales para conocer la historia de Monte Xanic, finalizando en la terraza,\u00a0 cada reserva cuenta con una mesa asignada donde disfrutar\u00e1 de una vista \u00fanica en compa\u00f1\u00eda de una selecci\u00f3n de vinos de acuerdo a temporada.<\/p>\n<p>Las experiencias especiales inician con un recorrido por instalaciones, culminando en un espacio privado donde conocer\u00e1s a detalle todos los pasos de una cata de temporada. En experiencias especiales tambi\u00e9n encontrar\u00e1s servicios ideales para grupos mayores a 12 invitados, disfrutando de espacios privados.<\/p>\n<p>En nuestro website puedes ver el men\u00fa de degustaciones del lado izquierdo, y el men\u00fa de de eventos y Experiencias\u00a0 especiales, del lado derecho.[\/vc_column_text][\/vc_accordion_tab][vc_accordion_tab title=&#8221;\u00bfCu\u00e1les son los horarios de las degustaciones y experiencias especiales?&#8221;][vc_column_text]-<u>Degustaciones<\/u>: Lun-Dom \u2013 11am-4pm (primavera-verano) y 11am-3 pm (Oto\u00f1o invierno)<\/p>\n<p><u>-Experiencias Especiales<\/u>: Lun-Dom \u2013 11am-3pm (primavera-verano) y 11am-3pm (Oto\u00f1o invierno) *Cerramos 24 &amp; 25 de dic., \/ 31 de dic. y 1 de enero.[\/vc_column_text][\/vc_accordion_tab][vc_accordion_tab title=&#8221;\u00bfPuedo reservar con ustedes para comer en Artio?&#8221;][vc_column_text]Visita la liga <a href=\"http:\/\/www.meitre.com\/monte-xanic\">www.meitre.com\/monte-xanic<\/a>, y da click en \u201cRestaurante Artio\u201d donde puedes reservar para el restaurante. Tambi\u00e9n puedes llamar directamente a Artio +52 (646) 1168 028, o tambi\u00e9n puedes enviar un email al correo: <a href=\"mailto:artiovalle@gmail.com\">artiovalle@gmail.com<\/a>[\/vc_column_text][\/vc_accordion_tab][vc_accordion_tab title=&#8221;\u00bfHasta para cuantas personas puedo reservar?&#8221;][vc_column_text css=&#8221;&#8221;]<\/p>\n<div>\n<div dir=\"ltr\">\n<div>\n<div class=\"gmail_signature\" dir=\"ltr\" data-smartmail=\"gmail_signature\">\n<div dir=\"ltr\">\n<div>Las reservas para \u201cDegustaciones\u201d son para 1 a 12 personas, en \u201cExperiencias Especiales\u201d Las catas de temporada se pueden reservar desde 2 hasta 12 invitados, para las experiencias MX y Premium son para grupos de 12 a 20 personas. Los servicios para grupos a partir de 12 invitados se consideran eventos, contactar al correo\u00a0<a href=\"mailto:eventosbodega@montexanic.com.mx\" target=\"_blank\" rel=\"noopener\">eventosbodega@<wbr \/>montexanic.com.mx<\/a><\/div>\n<\/div>\n<\/div>\n<\/div>\n<\/div>\n<\/div>\n<p>[\/vc_column_text][\/vc_accordion_tab][vc_accordion_tab title=&#8221;\u00bfCon cuanto tiempo de anticipaci\u00f3n tengo que llegar a mi reservaci\u00f3n?&#8221;][vc_column_text]Es necesario llegar 10 minutos antes de la hora de la reservaci\u00f3n, para que puedas ingresar hasta el \u00e1rea de degustaci\u00f3n y dar inicio a tu experiencia sin contratiempos.<\/p>\n<p>La puntualidad es muy importante para poder atender a tiempo a todas las personas que tienen reservas.[\/vc_column_text][\/vc_accordion_tab][vc_accordion_tab title=&#8221;\u00bfC\u00f3mo s\u00e9 que est\u00e1 confirmada mi reservaci\u00f3n?&#8221;][vc_column_text]Al finalizar el proceso de reserva aparece en pantalla, y adem\u00e1s recibes un correo de confirmaci\u00f3n.[\/vc_column_text][\/vc_accordion_tab][vc_accordion_tab title=&#8221;\u00bfQu\u00e9 debo hacer si quiero modificar el n\u00famero de personas, fecha o d\u00eda para mi visita?&#8221;][vc_column_text]En el correo de confirmaci\u00f3n, hay una opci\u00f3n para modificar o cancelar. La pol\u00edtica de cancelaci\u00f3n es de 24 horas antes de la cita. Te sugerimos revisar los t\u00e9rminos y condiciones antes de reservar. Gracias por tu comprensi\u00f3n.[\/vc_column_text][\/vc_accordion_tab][vc_accordion_tab title=&#8221;\u00bfPuedo cancelar mi reservaci\u00f3n?&#8221;][vc_column_text]Si es reservaci\u00f3n para \u201cDegustaci\u00f3n\u201d, se puede cancelar hasta con 24 horas antes sin penalizaci\u00f3n. Si no cancelas antes de las 24 horas y\/o no llegas, se har\u00e1 un cobro por \u201cno show\u201d a la tarjeta que dejaste en garant\u00eda. Gracias por tu comprensi\u00f3n.<\/p>\n<p>Para reservas de \u201cExperiencias Especiales\u201d, se pueden hacer cambios de fecha hasta 24 horas antes de la fecha de la reserva. En caso de cancelar, solo se har\u00e1 devoluci\u00f3n en producto (la devoluci\u00f3n ser\u00e1 del 30% del total pagado).[\/vc_column_text][\/vc_accordion_tab][vc_accordion_tab title=&#8221;En Meitre me piden los datos de mi tarjeta, \u00bfse hace el cobro en ese momento?&#8221;][vc_column_text]Para las <strong>degustaciones<\/strong> se pide tarjeta en garant\u00eda, es decir que al momento de reservar no se genera ning\u00fan cargo, y se realiza el pago una vez que termina la degustaci\u00f3n.<\/p>\n<p>En caso de que no se presente el visitante a su cita o con un retraso mayor a 10 minutos, se realiza un cargo a esa tarjeta por \u201cno show\u201d.<\/p>\n<p>Para las <strong>Experiencias Especiales<\/strong>, al momento de reservar, y dejar los datos de la tarjeta <strong><em>se hace el cobro en autom\u00e1tico<\/em><\/strong>, debido a que requieren insumos especiales.[\/vc_column_text][\/vc_accordion_tab][vc_accordion_tab title=&#8221;\u00bfAceptan ni\u00f1os?&#8221;][vc_column_text]No se permiten ni\u00f1os menores de 14 a\u00f1os. Gracias por su comprensi\u00f3n.[\/vc_column_text][\/vc_accordion_tab][vc_accordion_tab title=&#8221;\u00bfAceptan mascotas?&#8221;][vc_column_text]Nos encantan los animales, sin embargo de acuerdo a pol\u00edticas de salud y seguridad, no permitimos mascotas. Gracias por tu comprensi\u00f3n.[\/vc_column_text][\/vc_accordion_tab][vc_accordion_tab title=&#8221;Si quiero hacer una boda o evento en Monte Xanic \u00bfa qui\u00e9n me dirijo?&#8221;][vc_column_text css=&#8221;&#8221;]<\/p>\n<div dir=\"ltr\">\n<div class=\"gmail_signature\" dir=\"ltr\" data-smartmail=\"gmail_signature\">\n<div dir=\"ltr\">\n<div dir=\"ltr\">Nuestra gerente de hospitalidad es Ana Simbeck, su mail es: <a href=\"mailto:asimbeck@montexanic.com.mx\">asimbeck@montexanic.com.mx<\/a><\/div>\n<div dir=\"ltr\"><\/div>\n<div dir=\"ltr\"><strong>Informaci\u00f3n de contactos<\/strong><br \/>\n<strong>Eventos:<\/strong> <a href=\"mailto:eventosbodega@montexanic.com.mx\">eventosbodega@montexanic.com.mx<\/a><br \/>\n<strong>Experiencias y Visitas Bodega:<\/strong> <a href=\"mailto:experienciasbodega@montexanic.com.mx\">experienciasbodega@montexanic.com.mx<\/a><br \/>\n<strong>Problemas de facturacion:<\/strong> <a href=\"mailto:administracionbodega@montexanic.com.mx\">administracionbodega@montexanic.com.mx<\/a>, <a href=\"mailto:asimbeck@montexanic.com.mx\">asimbeck@montexanic.com.mx<\/a><\/div>\n<div dir=\"ltr\"><\/div>\n<div dir=\"ltr\">Los horarios para contactar a los ejecutivos son de lunes a s\u00e1bado de 10 am a 6 pm.<\/div>\n<\/div>\n<\/div>\n<\/div>\n<p>[\/vc_column_text][\/vc_accordion_tab][vc_accordion_tab title=&#8221;\u00bfCuentan con habitaciones?&#8221;][vc_column_text]Lo sentimos, no contamos con servicio de hospedaje.[\/vc_column_text][\/vc_accordion_tab][vc_accordion_tab title=&#8221;\u00bfCu\u00e1l es la cantidad de vino que sirven en cada degustaci\u00f3n?&#8221;][vc_column_text]1 onza por cada vino.[\/vc_column_text][\/vc_accordion_tab][vc_accordion_tab title=&#8221;\u00bfPuedo tomar fotos\/video?&#8221;][vc_column_text]Fotograf\u00edas y videos personales est\u00e1n permitidos. Material fotogr\u00e1fico y\/o videos con fines comerciales\/profesionales no est\u00e1n permitidos.<\/p>\n<p>No se permite el uso de c\u00e1maras fotogr\u00e1ficas profesionales y\/o drones dentro de las instalaciones.[\/vc_column_text][\/vc_accordion_tab][vc_accordion_tab title=&#8221;\u00bfC\u00f3digo de vestimenta?&#8221;][vc_column_text]No tenemos un c\u00f3digo de vestimenta. El Valle de Guadalupe es muy caluroso en verano, y muy fr\u00edo en oto\u00f1o\/invierno. Recomendamos zapatos cerrados y c\u00f3modos, sombrero\/gorra, lentes de sol, bloqueador.[\/vc_column_text][\/vc_accordion_tab][vc_accordion_tab title=&#8221;\u00bfCu\u00e1l es la mejor \u00e9poca para visitarlos?&#8221;][vc_column_text]La vista del vi\u00f1edo es hermosa siempre. Depende de la experiencia que quieras tener. De octubre a febrero, es oto\u00f1o\/invierno cuando las vides se encuentran en reposo. De mediados de marzo a septiembre el vi\u00f1edo florece, y de julio a septiembre es \u00e9poca de cosecha (uvas).[\/vc_column_text][\/vc_accordion_tab][vc_accordion_tab title=&#8221;\u00bfSe puede pasear por el vi\u00f1edo?&#8221;][vc_column_text]Te aseguramos que vas a poder ver nuestro vi\u00f1edo de muy cerca. Sin embargo, somos una vin\u00edcola que siempre est\u00e1 en operaci\u00f3n, nuestros est\u00e1ndares de calidad del producto son muy altos, adem\u00e1s por protocolos de seguridad e higiene no se permiten recorridos libres en el vi\u00f1edo.[\/vc_column_text][\/vc_accordion_tab][vc_accordion_tab title=&#8221;\u00bfCuentan con instalaciones para discapacitados?&#8221;][vc_column_text]Tenemos rampas para el acceso al \u00e1rea de degustaci\u00f3n. A lo largo del tour dentro de la vin\u00edcola, no hay rampas, ya que es un \u00e1rea de producci\u00f3n. No contamos con servicio de silla de ruedas. Favor de especificar en la reservaci\u00f3n si requieren apoyo para utilizar estacionamientos designados.[\/vc_column_text][\/vc_accordion_tab][vc_accordion_tab title=&#8221;\u00bfCu\u00e1l es el tiempo aproximado de la lista de espera?&#8221;][vc_column_text]No hay un tiempo espec\u00edfico, nuestra plataforma de reservaciones autom\u00e1ticamente agenda las citas. En caso de una cancelaci\u00f3n, se libera un espacio, y el sistema te har\u00e1 llegar un correo de confirmaci\u00f3n.<\/p>\n<p>Tambi\u00e9n contamos con un nuevo espacio Lago MX, es un \u00e1rea que tenemos para visitantes que no tienen reservaci\u00f3n pero que quieren disfrutar de nuestros vinos. Tiene una vista excelente donde se ven los vi\u00f1edos, la bodega y est\u00e1 ubicado a la orilla del lago. En esta \u00e1rea no hay servicio de catas, ni tour por la bodega. El consumo m\u00ednimo es de una botella de vino de nuestro men\u00fa. No hay venta por copeo. Tenemos m\u00fasica, y algo de alimentos.[\/vc_column_text][\/vc_accordion_tab][vc_accordion_tab title=&#8221;\u00bfD\u00f3nde puedo solicitar factura?&#8221;][vc_column_text]Favor de enviar un email a <a href=\"http:\/\/www.mxhotel.com.mx\/facturacion\">www.mxhotel.com.mx\/facturacion<\/a>[\/vc_column_text][\/vc_accordion_tab][\/vc_accordion][vc_empty_space height=&#8221;60px&#8221;][\/vc_column][\/vc_row][vc_row css_animation=&#8221;&#8221; row_type=&#8221;row&#8221; use_row_as_full_screen_section=&#8221;no&#8221; type=&#8221;full_width&#8221; angled_section=&#8221;no&#8221; text_align=&#8221;left&#8221; background_image_as_pattern=&#8221;without_pattern&#8221;][vc_column][vc_column_text css=&#8221;&#8221;]<\/p>\n<div class=\"title-container\">\n<div class=\"line\"><\/div>\n<h2 class=\"title_home\">CLUB MONTE XANIC<\/h2>\n<div class=\"line\"><\/div>\n<\/div>\n<p>[\/vc_column_text][vc_empty_space height=&#8221;60px&#8221;][vc_accordion active_tab=&#8221;1&#8243; collapsible=&#8221;yes&#8221; style=&#8221;toggle&#8221;][vc_accordion_tab title=&#8221;\u00bfQu\u00e9 es el Club Monte Xanic?&#8221;][vc_column_text]El Club Monte Xanic es un espacio exclusivo que hemos creado para que conozcas m\u00e1s sobre Monte Xanic y puedas disfrutar de muchos beneficios al mismo tiempo que disfrutas de tus vinos favoritos.[\/vc_column_text][\/vc_accordion_tab][vc_accordion_tab title=&#8221;\u00bfPor qu\u00e9 pertenecer al Club MX?&#8221;][vc_column_text]Para mantenerme al d\u00eda con la informaci\u00f3n de la bodega, tener acceso a la secci\u00f3n exclusiva para socios del Club en la tienda en l\u00ednea adem\u00e1s de que al acumular compras puedo tener acceso a mayores beneficios como cupones de descuento, regalo por cumplea\u00f1os y muchos m\u00e1s.[\/vc_column_text][\/vc_accordion_tab][vc_accordion_tab title=&#8221;\u00bfC\u00f3mo me inscribo?&#8221;][vc_column_text]Para pertener al Club nivel cl\u00e1sico que es gratuito, solo debes dejar tus datos en la siguiente liga: <a href=\"https:\/\/montexanic.ac-page.com\/clasico-web\">https:\/\/montexanic.ac-page.com\/clasico-web<\/a><\/p>\n<p>Para ser parte del nivel premium, debes acumular una compra de $7,000 en nuestra tienda en l\u00ednea y autom\u00e1ticamente ser\u00e1s invitado a este nivel donde podr\u00e1s obtener mayores beneficios.[\/vc_column_text][\/vc_accordion_tab][vc_accordion_tab title=&#8221;\u00bfCu\u00e1les son los beneficios de pertenecer al Club Monte Xanic?&#8221;][vc_column_text]Nivel cl\u00e1sico:<\/p>\n<ul>\n<li><em>Ebook<\/em> de regalo: Sabores de M\u00e9xico en colaboraci\u00f3n con <em>Kiwilim\u00f3n<\/em>.<\/li>\n<li>Contenidos exclusivos de la bodega.<\/li>\n<li>Acceso a la secci\u00f3n disponible solo para socios del Club de nuestra tienda en l\u00ednea<\/li>\n<li>Novedades y pr\u00f3ximos<\/li>\n<\/ul>\n<p>&nbsp;<\/p>\n<p>Nivel Premium:<\/p>\n<ul>\n<li>Regalo de bienvenida (Cup\u00f3n del 15% de descuento)<\/li>\n<li>Regalo por tu cumplea\u00f1os (Cup\u00f3n del 15% de descuento)<\/li>\n<li>10% de descuento permanente para todas tus compras en tienda en l\u00ednea.<\/li>\n<li>Asesor\u00eda personalizada con nuestro equipo de <em>sommeliers<\/em>.<\/li>\n<li>Experiencias de acceso limitado como catas y eventos VIP.<\/li>\n<li>Acceso a la secci\u00f3n del Club en tienda con productos solo para socios.<\/li>\n<\/ul>\n<p><strong>\u00a0<\/strong>[\/vc_column_text][\/vc_accordion_tab][vc_accordion_tab title=&#8221;\u00bfC\u00f3mo utilizar mis cupones del club?&#8221;][vc_column_text]Los cupones del Club se pueden utilizar para todos los productos de la tienda en l\u00ednea excepto cuando el\/los productos ya participan con otro descuento o promoci\u00f3n ya que son acumulables.<\/p>\n<p>Conserva tu cup\u00f3n personalizado pues lo necesitar\u00e1s ingresar cada vez que realices una compra. No olvides llenar tu fecha de cumplea\u00f1os al momento de registrarte en el club. As\u00ed podremos celebrarlo contigo.[\/vc_column_text][\/vc_accordion_tab][\/vc_accordion][vc_empty_space height=&#8221;60px&#8221;][\/vc_column][\/vc_row]<\/p>\n<\/div>","protected":false},"excerpt":{"rendered":"<p>[vc_row css_animation=&#8221;&#8221; row_type=&#8221;row&#8221; use_row_as_full_screen_section=&#8221;no&#8221; type=&#8221;full_width&#8221; angled_section=&#8221;no&#8221; text_align=&#8221;left&#8221; background_image_as_pattern=&#8221;without_pattern&#8221;][vc_column][vc_column_text css=&#8221;&#8221;] ENV\u00cdOS [\/vc_column_text][vc_empty_space height=&#8221;60px&#8221;][vc_accordion active_tab=&#8221;1&#8243; collapsible=&#8221;yes&#8221; style=&#8221;toggle&#8221;][vc_accordion_tab title=&#8221;\u00bfCu\u00e1nto tiempo tardar\u00e1 mi env\u00edo en llegar?&#8221;][vc_column_text]El tiempo que manejamos para la entrega de pedido es de 2-3 d\u00edas h\u00e1biles para CDMX, 3 a 5 d\u00edas h\u00e1biles el resto del&#8230;<\/p>\n","protected":false},"author":1,"featured_media":0,"parent":0,"menu_order":0,"comment_status":"closed","ping_status":"closed","template":"","meta":{"inline_featured_image":false,"footnotes":""},"class_list":["post-7781","page","type-page","status-publish","hentry"],"_links":{"self":[{"href":"https:\/\/montexanic.mx\/tienda\/wp-json\/wp\/v2\/pages\/7781"}],"collection":[{"href":"https:\/\/montexanic.mx\/tienda\/wp-json\/wp\/v2\/pages"}],"about":[{"href":"https:\/\/montexanic.mx\/tienda\/wp-json\/wp\/v2\/types\/page"}],"author":[{"embeddable":true,"href":"https:\/\/montexanic.mx\/tienda\/wp-json\/wp\/v2\/users\/1"}],"replies":[{"embeddable":true,"href":"https:\/\/montexanic.mx\/tienda\/wp-json\/wp\/v2\/comments?post=7781"}],"version-history":[{"count":10,"href":"https:\/\/montexanic.mx\/tienda\/wp-json\/wp\/v2\/pages\/7781\/revisions"}],"predecessor-version":[{"id":39061,"href":"https:\/\/montexanic.mx\/tienda\/wp-json\/wp\/v2\/pages\/7781\/revisions\/39061"}],"wp:attachment":[{"href":"https:\/\/montexanic.mx\/tienda\/wp-json\/wp\/v2\/media?parent=7781"}],"curies":[{"name":"wp","href":"https:\/\/api.w.org\/{rel}","templated":true}]}}