{"id":7945,"date":"2022-04-07T17:52:30","date_gmt":"2022-04-07T22:52:30","guid":{"rendered":"https:\/\/montexanic.mx\/tienda\/?page_id=7945"},"modified":"2025-05-20T09:15:35","modified_gmt":"2025-05-20T15:15:35","slug":"promos-club-mx","status":"publish","type":"page","link":"https:\/\/montexanic.mx\/tienda\/promos-club-mx\/","title":{"rendered":"promos-club-mx"},"content":{"rendered":"<div class=\"wpb-content-wrapper\"><p>[vc_row css_animation=&#8221;&#8221; row_type=&#8221;row&#8221; use_row_as_full_screen_section=&#8221;no&#8221; type=&#8221;full_width&#8221; angled_section=&#8221;no&#8221; text_align=&#8221;left&#8221; background_image_as_pattern=&#8221;without_pattern&#8221; css=&#8221;.vc_custom_1716502809115{margin-top: 150px !important;}&#8221; z_index=&#8221;&#8221;][vc_column width=&#8221;1\/2&#8243;][vc_single_image image=&#8221;34010&#8243; img_size=&#8221;full&#8221; alignment=&#8221;right&#8221; css=&#8221;&#8221; qode_css_animation=&#8221;&#8221;]<div class=\"woocommerce columns-1 \"><ul class=\"products\">\n\t<li class=\"product type-product post-34008 status-publish first instock product_cat-presentacion-clasica product_cat-producto-personalizable has-post-thumbnail taxable shipping-taxable purchasable product-type-simple\">\n\t\t\n    <div class=\"top-product-section\">\n\n        <a itemprop=\"url\" href=\"https:\/\/montexanic.mx\/tienda\/producto\/gran-ricardo-magnum-2021-personalizable\/\" class=\"product-category\">\n            <span class=\"image-wrapper\">\n            <img loading=\"lazy\" decoding=\"async\" width=\"300\" height=\"300\" src=\"https:\/\/montexanic.mx\/tienda\/wp-content\/uploads\/2025\/05\/Gran-Ricardo-dia-del-padre-10-300x300.webp\" class=\"attachment-woocommerce_thumbnail size-woocommerce_thumbnail\" alt=\"\" srcset=\"https:\/\/montexanic.mx\/tienda\/wp-content\/uploads\/2025\/05\/Gran-Ricardo-dia-del-padre-10-300x300.webp 300w, https:\/\/montexanic.mx\/tienda\/wp-content\/uploads\/2025\/05\/Gran-Ricardo-dia-del-padre-10-1024x1024.webp 1024w, https:\/\/montexanic.mx\/tienda\/wp-content\/uploads\/2025\/05\/Gran-Ricardo-dia-del-padre-10-150x150.webp 150w, https:\/\/montexanic.mx\/tienda\/wp-content\/uploads\/2025\/05\/Gran-Ricardo-dia-del-padre-10-768x768.webp 768w, https:\/\/montexanic.mx\/tienda\/wp-content\/uploads\/2025\/05\/Gran-Ricardo-dia-del-padre-10-1536x1536.webp 1536w, https:\/\/montexanic.mx\/tienda\/wp-content\/uploads\/2025\/05\/Gran-Ricardo-dia-del-padre-10-2048x2048.webp 2048w, https:\/\/montexanic.mx\/tienda\/wp-content\/uploads\/2025\/05\/Gran-Ricardo-dia-del-padre-10-570x570.webp 570w, https:\/\/montexanic.mx\/tienda\/wp-content\/uploads\/2025\/05\/Gran-Ricardo-dia-del-padre-10-500x500.webp 500w, https:\/\/montexanic.mx\/tienda\/wp-content\/uploads\/2025\/05\/Gran-Ricardo-dia-del-padre-10-1000x1000.webp 1000w, https:\/\/montexanic.mx\/tienda\/wp-content\/uploads\/2025\/05\/Gran-Ricardo-dia-del-padre-10-700x700.webp 700w, https:\/\/montexanic.mx\/tienda\/wp-content\/uploads\/2025\/05\/Gran-Ricardo-dia-del-padre-10-600x600.webp 600w, https:\/\/montexanic.mx\/tienda\/wp-content\/uploads\/2025\/05\/Gran-Ricardo-dia-del-padre-10-100x100.webp 100w\" sizes=\"(max-width: 300px) 100vw, 300px\" \/>            <\/span>\n        <\/a>\n\n\t\t<span class=\"add-to-cart-button-outer\"><span class=\"add-to-cart-button-inner\"><a href=\"https:\/\/montexanic.mx\/tienda\/producto\/gran-ricardo-magnum-2021-personalizable\/\" data-quantity=\"1\" class=\"button product_type_simple add_to_cart_button qbutton add-to-cart-button\" data-product_id=\"34008\" data-product_sku=\"4403\" aria-label=\"Add to cart: &ldquo;Monte Xanic Gran Ricardo M\u00e1gnum 2021 personalizable&rdquo;\" rel=\"nofollow\" data-success_message=\"&ldquo;Monte Xanic Gran Ricardo M\u00e1gnum 2021 personalizable&rdquo; has been added to your cart\" title=\"Minimum qty is 1\">Seleccionar opciones<\/a><\/span><\/span>\n    <\/div>\n        <a itemprop=\"url\" href=\"https:\/\/montexanic.mx\/tienda\/producto\/gran-ricardo-magnum-2021-personalizable\/\" class=\"product-category product-info\">\n        <h6 itemprop=\"name\">Monte Xanic Gran Ricardo M\u00e1gnum 2021 personalizable<\/h6>\n\n        \n        \n\t<span class=\"price\"><span class=\"woocommerce-Price-amount amount\"><bdi><span class=\"woocommerce-Price-currencySymbol\">&#36;<\/span>4,882.50<\/bdi><\/span> <small class=\"woocommerce-price-suffix\">impuestos incluidos<\/small><\/span>\n    <\/a>\n\n    \t\t\t<input type=\"hidden\" class=\"wpmProductId\" data-id=\"34008\">\n\t\t\t\t\t<script>\n\t\t\t(window.wpmDataLayer = window.wpmDataLayer || {}).products             = window.wpmDataLayer.products || {};\n\t\t\twindow.wpmDataLayer.products[34008] = {\"id\":\"34008\",\"sku\":\"4403\",\"price\":4882.5,\"brand\":\"\",\"quantity\":1,\"dyn_r_ids\":{\"post_id\":\"34008\",\"sku\":\"4403\",\"gpf\":\"woocommerce_gpf_34008\",\"gla\":\"gla_34008\"},\"is_variable\":false,\"type\":\"simple\",\"name\":\"Monte Xanic Gran Ricardo M\u00e1gnum 2021 personalizable\",\"category\":[\"Presentaci\u00f3n Cl\u00e1sica\",\"Producto Personalizable\"],\"is_variation\":false};\n\t\t\t\t\twindow.pmw_product_position = window.pmw_product_position || 1;\n\t\twindow.wpmDataLayer.products[34008]['position'] = window.pmw_product_position++;\n\t\t\t\t<\/script>\n\t\t\n<\/li><\/ul>\n<\/div>[\/vc_column][vc_column width=&#8221;1\/2&#8243;][vc_column_text css=&#8221;&#8221;]<\/p>\n<h2 style=\"font-weight: 400;\"><strong>Monte Xanic Gran Ricardo M\u00e1gnum 2021 personalizable<\/strong><\/h2>\n<p>&nbsp;<\/p>\n<p>El GRAN, GRAN vino de M\u00e9xico.<\/p>\n<p>La grandeza es una aspiraci\u00f3n, un camino que pocos logran alcanzar. Monte Xanic lo ha hecho con Gran Ricardo.<\/p>\n<p>El primer vino ultra premium mexicano celebra con una edici\u00f3n especial personalizable el D\u00eda del Padre. Con este vino creado bajo el<br \/>\nesp\u00edritu de orgullo y grandeza hoy rendimos un homenaje a los padres excepcionales de M\u00e9xico.<\/p>\n<p>A trav\u00e9s de una artista gr\u00e1fica, se podr\u00e1 plasmar el nombre o frase que refleje ese v\u00ednculo tan especial.<\/p>\n<p>Regala momentos con Gran Ricardo personalizado.[\/vc_column_text][vc_column_text css=&#8221;.vc_custom_1747754037400{margin-top: 40px !important;margin-bottom: 20px !important;}&#8221;]<\/p>\n<h2><strong>$4,599.00<\/strong><\/h2>\n<p>[\/vc_column_text]<a  itemprop=\"url\" href=\"https:\/\/montexanic.mx\/tienda\/club-monte-xanic-inicio\/\" target=\"_blank\"  class=\"qbutton  default\" style=\"\">ENTRAR AL CLUB<\/a>[vc_empty_space][\/vc_column][\/vc_row][vc_row css_animation=&#8221;&#8221; row_type=&#8221;row&#8221; use_row_as_full_screen_section=&#8221;no&#8221; type=&#8221;full_width&#8221; angled_section=&#8221;no&#8221; text_align=&#8221;left&#8221; background_image_as_pattern=&#8221;without_pattern&#8221; css=&#8221;.vc_custom_1716502809115{margin-top: 150px !important;}&#8221; z_index=&#8221;&#8221;][vc_column width=&#8221;1\/2&#8243;][vc_single_image image=&#8221;25129&#8243; img_size=&#8221;full&#8221; alignment=&#8221;right&#8221; css=&#8221;&#8221; qode_css_animation=&#8221;&#8221;]<div class=\"woocommerce columns-4 \"><ul class=\"products\">\n\t<li class=\"product type-product post-25127 status-publish first instock product_cat-experiencias-mx product_cat-gran-ricardo has-post-thumbnail taxable shipping-taxable purchasable product-type-simple\">\n\t\t\n    <div class=\"top-product-section\">\n\n        <a itemprop=\"url\" href=\"https:\/\/montexanic.mx\/tienda\/producto\/caja-de-arte-magali-lara\/\" class=\"product-category\">\n            <span class=\"image-wrapper\">\n            <img loading=\"lazy\" decoding=\"async\" width=\"300\" height=\"300\" src=\"https:\/\/montexanic.mx\/tienda\/wp-content\/uploads\/2024\/10\/CAJA-ARTE_MAGALI-LARA-300x300.jpg\" class=\"attachment-woocommerce_thumbnail size-woocommerce_thumbnail\" alt=\"\" srcset=\"https:\/\/montexanic.mx\/tienda\/wp-content\/uploads\/2024\/10\/CAJA-ARTE_MAGALI-LARA-300x300.jpg 300w, https:\/\/montexanic.mx\/tienda\/wp-content\/uploads\/2024\/10\/CAJA-ARTE_MAGALI-LARA-150x150.jpg 150w, https:\/\/montexanic.mx\/tienda\/wp-content\/uploads\/2024\/10\/CAJA-ARTE_MAGALI-LARA-570x570.jpg 570w, https:\/\/montexanic.mx\/tienda\/wp-content\/uploads\/2024\/10\/CAJA-ARTE_MAGALI-LARA-500x500.jpg 500w, https:\/\/montexanic.mx\/tienda\/wp-content\/uploads\/2024\/10\/CAJA-ARTE_MAGALI-LARA-100x100.jpg 100w, https:\/\/montexanic.mx\/tienda\/wp-content\/uploads\/2024\/10\/CAJA-ARTE_MAGALI-LARA.jpg 600w\" sizes=\"(max-width: 300px) 100vw, 300px\" \/>            <\/span>\n        <\/a>\n\n\t\t<span class=\"add-to-cart-button-outer\"><span class=\"add-to-cart-button-inner\"><a href=\"?add-to-cart=25127\" data-quantity=\"1\" class=\"button product_type_simple add_to_cart_button ajax_add_to_cart qbutton add-to-cart-button\" data-product_id=\"25127\" data-product_sku=\"5512\" aria-label=\"Add to cart: &ldquo;Kit Gran Ricardo Magali Lara 1 Botella&rdquo;\" rel=\"nofollow\" data-success_message=\"&ldquo;Kit Gran Ricardo Magali Lara 1 Botella&rdquo; has been added to your cart\" title=\"Minimum qty is 1\">A\u00f1adir al carrito<\/a><\/span><\/span>\n    <\/div>\n        <a itemprop=\"url\" href=\"https:\/\/montexanic.mx\/tienda\/producto\/caja-de-arte-magali-lara\/\" class=\"product-category product-info\">\n        <h6 itemprop=\"name\">Kit Gran Ricardo Magali Lara 1 Botella<\/h6>\n\n        \n        \n\t<span class=\"price\"><span class=\"woocommerce-Price-amount amount\"><bdi><span class=\"woocommerce-Price-currencySymbol\">&#36;<\/span>2,499.00<\/bdi><\/span> <small class=\"woocommerce-price-suffix\">impuestos incluidos<\/small><\/span>\n    <\/a>\n\n    \t\t\t<input type=\"hidden\" class=\"wpmProductId\" data-id=\"25127\">\n\t\t\t\t\t<script>\n\t\t\t(window.wpmDataLayer = window.wpmDataLayer || {}).products             = window.wpmDataLayer.products || {};\n\t\t\twindow.wpmDataLayer.products[25127] = {\"id\":\"25127\",\"sku\":\"5512\",\"price\":2499,\"brand\":\"\",\"quantity\":1,\"dyn_r_ids\":{\"post_id\":\"25127\",\"sku\":\"5512\",\"gpf\":\"woocommerce_gpf_25127\",\"gla\":\"gla_25127\"},\"is_variable\":false,\"type\":\"simple\",\"name\":\"Kit Gran Ricardo Magali Lara 1 Botella\",\"category\":[\"Experiencias MX\",\"Gran Ricardo\"],\"is_variation\":false};\n\t\t\t\t\twindow.pmw_product_position = window.pmw_product_position || 1;\n\t\twindow.wpmDataLayer.products[25127]['position'] = window.pmw_product_position++;\n\t\t\t\t<\/script>\n\t\t\n<\/li><\/ul>\n<\/div>[\/vc_column][vc_column width=&#8221;1\/2&#8243;][vc_column_text css=&#8221;&#8221;]<\/p>\n<h2 style=\"font-weight: 400;\"><strong>GRAN RICARDO\u00a0PRESENTA LA\u00a05TA EDICI\u00d3N\u00a0 DE ARTE POR\u00a0MAGALI LARA<\/strong><\/h2>\n<p style=\"font-weight: 400;\">Para la edici\u00f3n 2024 de la caja Gran Ricardo, a partir del protagonismo que han tenido los elementos vegetales a lo largo de su trayectoria, Lara propuso un acercamiento al paisaje y los elementos org\u00e1nicos que forman parte del proceso de elaboraci\u00f3n del vino, explorando esa particular explotaci\u00f3n de la naturaleza desde una visi\u00f3n femenina, como un contrapunto a la impronta masculina de Gran Ricardo.<\/p>\n<p style=\"font-weight: 400;\">De acuerdo con la artista, la\u00a0obra titulada &#8216;Animaci\u00f3n&#8217;, \u201cplasma el movimiento vital de los vi\u00f1edos y captura el tiempo dedicado a la elaboraci\u00f3n que simboliza la b\u00fasqueda constante de la excelencia en este gran vino, reflejando as\u00ed la energ\u00eda distintiva de Monte Xanic.<\/p>\n<p>Monte Xanic celebra esta quinta edici\u00f3n de la caja de temporada haciendo un reconocimiento a las propuestas art\u00edsticas m\u00e1s relevantes de M\u00e9xico.[\/vc_column_text][vc_column_text css=&#8221;.vc_custom_1728331400628{margin-top: 40px !important;margin-bottom: 20px !important;}&#8221;]<\/p>\n<h2><strong>$2,599.00<\/strong><\/h2>\n<p>[\/vc_column_text]<a  itemprop=\"url\" href=\"https:\/\/montexanic.mx\/tienda\/club-monte-xanic-inicio\/\" target=\"_blank\"  class=\"qbutton  default\" style=\"\">ENTRAR AL CLUB<\/a>[vc_empty_space][\/vc_column][\/vc_row][vc_row css_animation=&#8221;&#8221; row_type=&#8221;row&#8221; use_row_as_full_screen_section=&#8221;no&#8221; type=&#8221;full_width&#8221; angled_section=&#8221;no&#8221; text_align=&#8221;left&#8221; background_image_as_pattern=&#8221;without_pattern&#8221; css=&#8221;.vc_custom_1716502809115{margin-top: 150px !important;}&#8221; z_index=&#8221;&#8221;][vc_column width=&#8221;1\/2&#8243;][vc_single_image image=&#8221;26532&#8243; img_size=&#8221;full&#8221; alignment=&#8221;right&#8221; css=&#8221;&#8221; qode_css_animation=&#8221;&#8221;]<div class=\"woocommerce columns-4 \"><ul class=\"products\">\n\t<li class=\"product type-product post-26531 status-publish first instock product_cat-club-del-vino product_cat-gran-ricardo has-post-thumbnail taxable shipping-taxable product-type-simple\">\n\t\t\n    <div class=\"top-product-section\">\n\n        <a itemprop=\"url\" href=\"https:\/\/montexanic.mx\/tienda\/producto\/caja-de-arte-magali-lara-con-2-botellas\/\" class=\"product-category\">\n            <span class=\"image-wrapper\">\n            <img loading=\"lazy\" decoding=\"async\" width=\"300\" height=\"300\" src=\"https:\/\/montexanic.mx\/tienda\/wp-content\/uploads\/2024\/10\/MX-CAJA-DE-ARTE-2024-39-300x300.jpg\" class=\"attachment-woocommerce_thumbnail size-woocommerce_thumbnail\" alt=\"\" srcset=\"https:\/\/montexanic.mx\/tienda\/wp-content\/uploads\/2024\/10\/MX-CAJA-DE-ARTE-2024-39-300x300.jpg 300w, https:\/\/montexanic.mx\/tienda\/wp-content\/uploads\/2024\/10\/MX-CAJA-DE-ARTE-2024-39-150x150.jpg 150w, https:\/\/montexanic.mx\/tienda\/wp-content\/uploads\/2024\/10\/MX-CAJA-DE-ARTE-2024-39-570x570.jpg 570w, https:\/\/montexanic.mx\/tienda\/wp-content\/uploads\/2024\/10\/MX-CAJA-DE-ARTE-2024-39-500x500.jpg 500w, https:\/\/montexanic.mx\/tienda\/wp-content\/uploads\/2024\/10\/MX-CAJA-DE-ARTE-2024-39-1000x1000.jpg 1000w, https:\/\/montexanic.mx\/tienda\/wp-content\/uploads\/2024\/10\/MX-CAJA-DE-ARTE-2024-39-100x100.jpg 100w\" sizes=\"(max-width: 300px) 100vw, 300px\" \/>            <\/span>\n        <\/a>\n\n\t\t\n    <\/div>\n        <a itemprop=\"url\" href=\"https:\/\/montexanic.mx\/tienda\/producto\/caja-de-arte-magali-lara-con-2-botellas\/\" class=\"product-category product-info\">\n        <h6 itemprop=\"name\">CAJA DE ARTE MAGALI LARA CON 2 BOTELLAS<\/h6>\n\n        \n        \n\t<span class=\"price\"><span class=\"woocommerce-Price-amount amount\"><bdi><span class=\"woocommerce-Price-currencySymbol\">&#36;<\/span>3,899.00<\/bdi><\/span> <small class=\"woocommerce-price-suffix\">impuestos incluidos<\/small><\/span>\n    <\/a>\n\n    \t\t\t<input type=\"hidden\" class=\"wpmProductId\" data-id=\"26531\">\n\t\t\t\t\t<script>\n\t\t\t(window.wpmDataLayer = window.wpmDataLayer || {}).products             = window.wpmDataLayer.products || {};\n\t\t\twindow.wpmDataLayer.products[26531] = {\"id\":\"26531\",\"sku\":\"5647\",\"price\":3899,\"brand\":\"\",\"quantity\":1,\"dyn_r_ids\":{\"post_id\":\"26531\",\"sku\":\"5647\",\"gpf\":\"woocommerce_gpf_26531\",\"gla\":\"gla_26531\"},\"is_variable\":false,\"type\":\"simple\",\"name\":\"CAJA DE ARTE MAGALI LARA CON 2 BOTELLAS\",\"category\":[\"Club del Vino\",\"Gran Ricardo\"],\"is_variation\":false};\n\t\t\t\t\twindow.pmw_product_position = window.pmw_product_position || 1;\n\t\twindow.wpmDataLayer.products[26531]['position'] = window.pmw_product_position++;\n\t\t\t\t<\/script>\n\t\t\n<\/li><\/ul>\n<\/div>[\/vc_column][vc_column width=&#8221;1\/2&#8243;][vc_column_text css=&#8221;&#8221;]<\/p>\n<h2 style=\"font-weight: 400;\"><strong>CAJA DE ARTE MAGALI LARA CON 2 BOTELLAS<\/strong><\/h2>\n<p style=\"font-weight: 400;\">Para la edici\u00f3n 2024 de la caja Gran Ricardo, elegimos a Magali Lara quien propuso la obra titulada \u2018Animaci\u00f3n\u2019, donde plasma el movimiento vital de los vi\u00f1edos y captura el tiempo dedicado a la elaboraci\u00f3n de este gran vino, que simboliza la b\u00fasqueda constante de la excelencia distintiva de Monte Xanic.<\/p>\n<p style=\"font-weight: 400;\">En esta edici\u00f3n exclusiva para los socios del Club MX presentamos la misma caja de arte con nuestro ic\u00f3nico Gran Ricardo en sus dos presentaciones: tinto y el nuevo Gran Ricardo Sauvignon Blanc Reserva.<\/p>\n<p style=\"font-weight: 400;\">Contiene 1 botella Gran Ricardo tinto de 750 ml y 1 botella Gran Ricardo Sauvignon Blanc Reserva con caja especial de arte por Magali Lara.<\/p>\n<p>[\/vc_column_text][vc_column_text css=&#8221;.vc_custom_1732147598357{margin-top: 40px !important;margin-bottom: 20px !important;}&#8221;]<\/p>\n<h2><strong>$3,599.00<\/strong><\/h2>\n<p>[\/vc_column_text]<a  itemprop=\"url\" href=\"https:\/\/montexanic.mx\/tienda\/club-monte-xanic-inicio\/\" target=\"_blank\"  class=\"qbutton  default\" style=\"\">ENTRAR AL CLUB<\/a>[vc_empty_space][\/vc_column][\/vc_row]<\/p>\n<\/div>","protected":false},"excerpt":{"rendered":"<p>[vc_row css_animation=&#8221;&#8221; row_type=&#8221;row&#8221; use_row_as_full_screen_section=&#8221;no&#8221; type=&#8221;full_width&#8221; angled_section=&#8221;no&#8221; text_align=&#8221;left&#8221; background_image_as_pattern=&#8221;without_pattern&#8221; css=&#8221;.vc_custom_1716502809115{margin-top: 150px !important;}&#8221; z_index=&#8221;&#8221;][vc_column width=&#8221;1\/2&#8243;][vc_single_image image=&#8221;34010&#8243; img_size=&#8221;full&#8221; alignment=&#8221;right&#8221; css=&#8221;&#8221; qode_css_animation=&#8221;&#8221;][\/vc_column][vc_column width=&#8221;1\/2&#8243;][vc_column_text css=&#8221;&#8221;] Monte Xanic Gran Ricardo M\u00e1gnum 2021 personalizable &nbsp; El GRAN, GRAN vino de M\u00e9xico. La grandeza es una aspiraci\u00f3n, un camino que pocos logran alcanzar&#8230;.<\/p>\n","protected":false},"author":1,"featured_media":0,"parent":0,"menu_order":0,"comment_status":"closed","ping_status":"closed","template":"","meta":{"inline_featured_image":false,"footnotes":""},"class_list":["post-7945","page","type-page","status-publish","hentry"],"_links":{"self":[{"href":"https:\/\/montexanic.mx\/tienda\/wp-json\/wp\/v2\/pages\/7945"}],"collection":[{"href":"https:\/\/montexanic.mx\/tienda\/wp-json\/wp\/v2\/pages"}],"about":[{"href":"https:\/\/montexanic.mx\/tienda\/wp-json\/wp\/v2\/types\/page"}],"author":[{"embeddable":true,"href":"https:\/\/montexanic.mx\/tienda\/wp-json\/wp\/v2\/users\/1"}],"replies":[{"embeddable":true,"href":"https:\/\/montexanic.mx\/tienda\/wp-json\/wp\/v2\/comments?post=7945"}],"version-history":[{"count":66,"href":"https:\/\/montexanic.mx\/tienda\/wp-json\/wp\/v2\/pages\/7945\/revisions"}],"predecessor-version":[{"id":34157,"href":"https:\/\/montexanic.mx\/tienda\/wp-json\/wp\/v2\/pages\/7945\/revisions\/34157"}],"wp:attachment":[{"href":"https:\/\/montexanic.mx\/tienda\/wp-json\/wp\/v2\/media?parent=7945"}],"curies":[{"name":"wp","href":"https:\/\/api.w.org\/{rel}","templated":true}]}}