{"id":26531,"date":"2024-10-23T11:56:07","date_gmt":"2024-10-23T17:56:07","guid":{"rendered":"https:\/\/montexanic.mx\/tienda\/?post_type=product&#038;p=26531"},"modified":"2026-04-15T22:34:43","modified_gmt":"2026-04-16T04:34:43","slug":"caja-de-arte-magali-lara-con-2-botellas","status":"publish","type":"product","link":"https:\/\/montexanic.mx\/tienda\/producto\/caja-de-arte-magali-lara-con-2-botellas\/","title":{"rendered":"CAJA DE ARTE MAGALI LARA CON 2 BOTELLAS"},"content":{"rendered":"","protected":false},"excerpt":{"rendered":"<p>Para la edici\u00f3n 2024 de la caja Gran Ricardo, elegimos a Magali Lara quien propuso la obra titulada \u2018Animaci\u00f3n\u2019, donde plasma el movimiento vital de los vi\u00f1edos y captura el tiempo dedicado a la elaboraci\u00f3n de este gran vino, que simboliza la b\u00fasqueda constante de la excelencia distintiva de Monte Xanic.<br \/>\nEn esta edici\u00f3n exclusiva para los socios del Club MX presentamos la misma caja de arte con nuestro ic\u00f3nico Gran Ricardo en sus dos presentaciones: tinto y el nuevo Gran Ricardo Sauvignon Blanc Reserva.<br \/>\nContiene 1 botella Gran Ricardo tinto de 750 ml y 1 botella Gran Ricardo Sauvignon Blanc Reserva con caja especial de arte por Magali Lara.<\/p>\n","protected":false},"featured_media":26532,"template":"","meta":{"inline_featured_image":false},"product_cat":[145,20],"product_tag":[],"class_list":{"0":"post-26531","1":"product","2":"type-product","3":"status-publish","4":"has-post-thumbnail","6":"product_cat-club-del-vino","7":"product_cat-gran-ricardo","9":"first","10":"instock","11":"taxable","12":"shipping-taxable","13":"product-type-simple"},"bundled_by":[],"bundle_stock_status":"instock","bundle_stock_quantity":1,"bundle_virtual":false,"bundle_layout":"","bundle_add_to_cart_form_location":"","bundle_editable_in_cart":false,"bundle_sold_individually_context":"","bundle_item_grouping":"","bundle_min_size":"","bundle_max_size":"","bundle_price":[],"bundled_items":[],"bundle_sell_ids":[],"_links":{"self":[{"href":"https:\/\/montexanic.mx\/tienda\/wp-json\/wp\/v2\/product\/26531"}],"collection":[{"href":"https:\/\/montexanic.mx\/tienda\/wp-json\/wp\/v2\/product"}],"about":[{"href":"https:\/\/montexanic.mx\/tienda\/wp-json\/wp\/v2\/types\/product"}],"wp:featuredmedia":[{"embeddable":true,"href":"https:\/\/montexanic.mx\/tienda\/wp-json\/wp\/v2\/media\/26532"}],"wp:attachment":[{"href":"https:\/\/montexanic.mx\/tienda\/wp-json\/wp\/v2\/media?parent=26531"}],"wp:term":[{"taxonomy":"product_cat","embeddable":true,"href":"https:\/\/montexanic.mx\/tienda\/wp-json\/wp\/v2\/product_cat?post=26531"},{"taxonomy":"product_tag","embeddable":true,"href":"https:\/\/montexanic.mx\/tienda\/wp-json\/wp\/v2\/product_tag?post=26531"}],"curies":[{"name":"wp","href":"https:\/\/api.w.org\/{rel}","templated":true}]}}