{"id":27045,"date":"2024-11-15T19:33:34","date_gmt":"2024-11-16T01:33:34","guid":{"rendered":"https:\/\/montexanic.mx\/tienda\/?post_type=product&#038;p=27045"},"modified":"2026-01-01T00:00:10","modified_gmt":"2026-01-01T06:00:10","slug":"monte-xanic-gran-ricardo-2022-personalizable","status":"publish","type":"product","link":"https:\/\/montexanic.mx\/tienda\/producto\/monte-xanic-gran-ricardo-2022-personalizable\/","title":{"rendered":"MONTE XANIC GRAN RICARDO 2021 PERSONALIZABLE"},"content":{"rendered":"","protected":false},"excerpt":{"rendered":"<p class=\"p1\"><b>El GRAN, GRAN vino de M\u00e9xico<\/b>.<\/p>\n<p class=\"p1\">La grandeza es una aspiraci\u00f3n, un camino que pocos logran<span class=\"Apple-converted-space\">\u00a0 <\/span>alcanzar. Monte Xanic lo ha hecho con Gran Ricardo. El cuidado en la selecci\u00f3n de sus uvas, la obsesi\u00f3n por cuidar cada detalle en su proceso y el dominio sobre el desaf\u00edo de elaborarlo cada a\u00f1o nos demuestra que lo grande, con el paso del tiempo, se convierte en excepcional.<\/p>\n<p class=\"p1\">Regala momentos \u00fanicos y comparte momentos excepcionales con Gran Ricardo personalizado.<\/p>\n<p class=\"p1\">Por tiempo limitado personaliza tu botella a mano.<\/p>\n<p class=\"p1\"><b>Variedad:<\/b> 55% Cabernet Sauvignon, 36% Merlot, 5% Cabernet Franc, 3% Petit Verdot, 1% Malbec.<\/p>\n<p class=\"p1\"><b>Presentaci\u00f3n:<\/b> 750 ml.<\/p>\n<p class=\"p1\"><b>Compra m\u00ednima:<\/b>\u00a01 botella.<\/p>\n<p class=\"p1\"><b>M\u00e1ximo 20 caracteres\u00a0por l\u00ednea.<\/b><b><\/b><\/p>\n","protected":false},"featured_media":28750,"template":"","meta":{"inline_featured_image":false},"product_cat":[35,156],"product_tag":[],"class_list":{"0":"post-27045","1":"product","2":"type-product","3":"status-publish","4":"has-post-thumbnail","6":"product_cat-presentacion-clasica","7":"product_cat-producto-personalizable","9":"first","10":"instock","11":"taxable","12":"shipping-taxable","13":"purchasable","14":"product-type-simple"},"bundled_by":[],"bundle_stock_status":"instock","bundle_stock_quantity":null,"bundle_virtual":false,"bundle_layout":"","bundle_add_to_cart_form_location":"","bundle_editable_in_cart":false,"bundle_sold_individually_context":"","bundle_item_grouping":"","bundle_min_size":"","bundle_max_size":"","bundle_price":[],"bundled_items":[],"bundle_sell_ids":[],"_links":{"self":[{"href":"https:\/\/montexanic.mx\/tienda\/wp-json\/wp\/v2\/product\/27045"}],"collection":[{"href":"https:\/\/montexanic.mx\/tienda\/wp-json\/wp\/v2\/product"}],"about":[{"href":"https:\/\/montexanic.mx\/tienda\/wp-json\/wp\/v2\/types\/product"}],"wp:featuredmedia":[{"embeddable":true,"href":"https:\/\/montexanic.mx\/tienda\/wp-json\/wp\/v2\/media\/28750"}],"wp:attachment":[{"href":"https:\/\/montexanic.mx\/tienda\/wp-json\/wp\/v2\/media?parent=27045"}],"wp:term":[{"taxonomy":"product_cat","embeddable":true,"href":"https:\/\/montexanic.mx\/tienda\/wp-json\/wp\/v2\/product_cat?post=27045"},{"taxonomy":"product_tag","embeddable":true,"href":"https:\/\/montexanic.mx\/tienda\/wp-json\/wp\/v2\/product_tag?post=27045"}],"curies":[{"name":"wp","href":"https:\/\/api.w.org\/{rel}","templated":true}]}}