{"id":36969,"date":"2025-08-22T11:18:46","date_gmt":"2025-08-22T17:18:46","guid":{"rendered":"https:\/\/montexanic.mx\/tienda\/?post_type=product&#038;p=36969"},"modified":"2026-04-01T13:40:52","modified_gmt":"2026-04-01T19:40:52","slug":"gran-ricardo-vochol","status":"publish","type":"product","link":"https:\/\/montexanic.mx\/tienda\/producto\/gran-ricardo-vochol\/","title":{"rendered":"Gran Ricardo Vochol"},"content":{"rendered":"<p><strong>Variedad:<\/strong><br \/>\n55% Cabernet Sauvignon.<br \/>\n36% Merlot.<br \/>\n5% Cabernet Franc.<br \/>\n3% Petit Verdot.<br \/>\n1% Malbec.<\/p>\n<p><strong>Temperatura de Servicio<\/strong><br \/>\n18\u00baC<\/p>\n<p><strong>Notas de Cata<\/strong><br \/>\nEn vista presenta un rojo carmesi\u0301 con tonos viola\u0301ceos con buena densidad de color.<\/p>\n<p><strong>Nariz<\/strong><br \/>\nEn nariz denota su buena expresio\u0301n aroma\u0301tica como sobresaliendo la grosella y ara\u0301ndano con notas de vainilla, pimienta negra, tostados, tabaco.<\/p>\n<p><strong>Boca<\/strong><br \/>\nEn boca es de entrada suave y con buena cantidad de taninos que apoyar\u00e1n su a\u00f1ejamiento en botella para lograr un vino de buena guarda. De acidez media a media alta dando frescor en el paladar. Se denota su buena integraci\u00f3n de la barrica a trav\u00e9s de su a\u00f1ejamiento dando un vino equilibrado y sobre todo elegante persistente a la calidad de Gran Ricardo.<\/p>\n","protected":false},"excerpt":{"rendered":"<p><strong>Edici\u00f3n Gran Ricardo Vochol\u00ae\u00a0.<\/strong><\/p>\n<p dir=\"ltr\">Esta edici\u00f3n realizada en colaboraci\u00f3n con el Museo de Arte Popular (MAP) y AmigosMAP, fue intervenida por artistas wix\u00e1rikas para celebrar el 15\u00b0 aniversario del Vochol\u00ae, \u00edcono del arte popular contempor\u00e1neo.<\/p>\n<p>&nbsp;<\/p>\n<p dir=\"ltr\">El dise\u00f1o de esta botella fue creado por 4 familias artesanas quienes plasmaron la esencia de la flor \u201cXanic\u201d \u2014aquella que florece tras la primera lluvia y que da nombre a la bodega\u2014.<\/p>\n<p>&nbsp;<\/p>\n<p dir=\"ltr\">Con esta pieza de colecci\u00f3n, Monte Xanic honra sus ra\u00edces con el m\u00e1ximo exponente del vino mexicano en conjunto con el arte popular y la creatividad mexicana.<\/p>\n<p>&nbsp;<\/p>\n<p dir=\"ltr\"><strong>\u00daltimas 200 piezas<\/strong><\/p>\n","protected":false},"featured_media":36970,"template":"","meta":{"inline_featured_image":false},"product_cat":[20],"product_tag":[],"class_list":{"0":"post-36969","1":"product","2":"type-product","3":"status-publish","4":"has-post-thumbnail","6":"product_cat-gran-ricardo","8":"first","9":"instock","10":"taxable","11":"shipping-taxable","12":"purchasable","13":"product-type-simple"},"bundled_by":[],"bundle_stock_status":"instock","bundle_stock_quantity":null,"bundle_virtual":false,"bundle_layout":"","bundle_add_to_cart_form_location":"","bundle_editable_in_cart":false,"bundle_sold_individually_context":"","bundle_item_grouping":"","bundle_min_size":"","bundle_max_size":"","bundle_price":[],"bundled_items":[],"bundle_sell_ids":[],"_links":{"self":[{"href":"https:\/\/montexanic.mx\/tienda\/wp-json\/wp\/v2\/product\/36969"}],"collection":[{"href":"https:\/\/montexanic.mx\/tienda\/wp-json\/wp\/v2\/product"}],"about":[{"href":"https:\/\/montexanic.mx\/tienda\/wp-json\/wp\/v2\/types\/product"}],"wp:featuredmedia":[{"embeddable":true,"href":"https:\/\/montexanic.mx\/tienda\/wp-json\/wp\/v2\/media\/36970"}],"wp:attachment":[{"href":"https:\/\/montexanic.mx\/tienda\/wp-json\/wp\/v2\/media?parent=36969"}],"wp:term":[{"taxonomy":"product_cat","embeddable":true,"href":"https:\/\/montexanic.mx\/tienda\/wp-json\/wp\/v2\/product_cat?post=36969"},{"taxonomy":"product_tag","embeddable":true,"href":"https:\/\/montexanic.mx\/tienda\/wp-json\/wp\/v2\/product_tag?post=36969"}],"curies":[{"name":"wp","href":"https:\/\/api.w.org\/{rel}","templated":true}]}}