{"id":39492,"date":"2025-10-16T12:47:43","date_gmt":"2025-10-16T18:47:43","guid":{"rendered":"https:\/\/montexanic.mx\/tienda\/?post_type=product&#038;p=39492"},"modified":"2026-04-13T17:22:12","modified_gmt":"2026-04-13T23:22:12","slug":"monte-xanic-syrah-organico","status":"publish","type":"product","link":"https:\/\/montexanic.mx\/tienda\/producto\/monte-xanic-syrah-organico\/","title":{"rendered":"Monte Xanic Syrah Org\u00e1nico"},"content":{"rendered":"","protected":false},"excerpt":{"rendered":"<p dir=\"ltr\"><strong>Monte Xanic Syrah 100% Org\u00e1nico<\/strong><\/p>\n<p dir=\"ltr\">Elaborado exclusivamente con uvas de manejo org\u00e1nico procedentes del Valle de Ojos Negros. Este vino se elabora mediante procesos de vinificaci\u00f3n que respetan al m\u00e1ximo la pureza natural de la uva y cuenta con certificaci\u00f3n 100% org\u00e1nica por CCOF- California Certified Organic Farmers.<\/p>\n<p dir=\"ltr\">El Syrah org\u00e1nico de Monte Xanic, es una expresi\u00f3n pura de este varietal en su origen mexicano y consolida el compromiso de Monte Xanic con la sostenibilidad, la innovaci\u00f3n y la excelencia.<\/p>\n<p dir=\"ltr\"><strong>Venta limitada a 3 botellas<\/strong><\/p>\n","protected":false},"featured_media":43672,"template":"","meta":{"inline_featured_image":false},"product_cat":[26],"product_tag":[],"class_list":{"0":"post-39492","1":"product","2":"type-product","3":"status-publish","4":"has-post-thumbnail","6":"product_cat-tintos","8":"first","9":"instock","10":"taxable","11":"shipping-taxable","12":"purchasable","13":"product-type-simple"},"bundled_by":[],"bundle_stock_status":"instock","bundle_stock_quantity":null,"bundle_virtual":false,"bundle_layout":"","bundle_add_to_cart_form_location":"","bundle_editable_in_cart":false,"bundle_sold_individually_context":"","bundle_item_grouping":"","bundle_min_size":"","bundle_max_size":"","bundle_price":[],"bundled_items":[],"bundle_sell_ids":[],"_links":{"self":[{"href":"https:\/\/montexanic.mx\/tienda\/wp-json\/wp\/v2\/product\/39492"}],"collection":[{"href":"https:\/\/montexanic.mx\/tienda\/wp-json\/wp\/v2\/product"}],"about":[{"href":"https:\/\/montexanic.mx\/tienda\/wp-json\/wp\/v2\/types\/product"}],"wp:featuredmedia":[{"embeddable":true,"href":"https:\/\/montexanic.mx\/tienda\/wp-json\/wp\/v2\/media\/43672"}],"wp:attachment":[{"href":"https:\/\/montexanic.mx\/tienda\/wp-json\/wp\/v2\/media?parent=39492"}],"wp:term":[{"taxonomy":"product_cat","embeddable":true,"href":"https:\/\/montexanic.mx\/tienda\/wp-json\/wp\/v2\/product_cat?post=39492"},{"taxonomy":"product_tag","embeddable":true,"href":"https:\/\/montexanic.mx\/tienda\/wp-json\/wp\/v2\/product_tag?post=39492"}],"curies":[{"name":"wp","href":"https:\/\/api.w.org\/{rel}","templated":true}]}}