{"id":40198,"date":"2025-11-11T10:14:10","date_gmt":"2025-11-11T16:14:10","guid":{"rendered":"https:\/\/montexanic.mx\/tienda\/?post_type=product&#038;p=40198"},"modified":"2026-02-08T20:31:03","modified_gmt":"2026-02-09T02:31:03","slug":"caja-de-arte-eduardo-terrazas","status":"publish","type":"product","link":"https:\/\/montexanic.mx\/tienda\/producto\/caja-de-arte-eduardo-terrazas\/","title":{"rendered":"Caja de Arte Eduardo Terrazas \u2013 Edici\u00f3n 2025"},"content":{"rendered":"","protected":false},"excerpt":{"rendered":"<p>Eduardo Terrazas retoma la subserie Diagonales con dos composiciones, inspiradas en la paleta crom\u00e1tica de las uvas que componen este vino: Cabernet Sauvignon, Merlot, Cabernet Franc, Petit Verdot y Malbec.<\/p>\n<p>&nbsp;<\/p>\n<p>A trav\u00e9s de l\u00edneas paralelas y entrecruzadas, Terrazas crea una met\u00e1fora visual de encuentros y armon\u00eda, reflejando la riqueza sensorial y simb\u00f3lica del vino.<\/p>\n<p>&nbsp;<\/p>\n<p>Monte Xanic celebra con esta caja de arte, la transformaci\u00f3n de elementos diversos en una experiencia est\u00e9tica compleja, resonando con los sentidos y la memoria.<\/p>\n<p>&nbsp;<\/p>\n<p>Gran Ricardo 2022<\/p>\n","protected":false},"featured_media":42500,"template":"","meta":{"inline_featured_image":false},"product_cat":[20],"product_tag":[],"class_list":{"0":"post-40198","1":"product","2":"type-product","3":"status-publish","4":"has-post-thumbnail","6":"product_cat-gran-ricardo","8":"first","9":"instock","10":"taxable","11":"shipping-taxable","12":"purchasable","13":"product-type-simple"},"bundled_by":[],"bundle_stock_status":"instock","bundle_stock_quantity":15,"bundle_virtual":false,"bundle_layout":"","bundle_add_to_cart_form_location":"","bundle_editable_in_cart":false,"bundle_sold_individually_context":"","bundle_item_grouping":"","bundle_min_size":"","bundle_max_size":"","bundle_price":[],"bundled_items":[],"bundle_sell_ids":[],"_links":{"self":[{"href":"https:\/\/montexanic.mx\/tienda\/wp-json\/wp\/v2\/product\/40198"}],"collection":[{"href":"https:\/\/montexanic.mx\/tienda\/wp-json\/wp\/v2\/product"}],"about":[{"href":"https:\/\/montexanic.mx\/tienda\/wp-json\/wp\/v2\/types\/product"}],"wp:featuredmedia":[{"embeddable":true,"href":"https:\/\/montexanic.mx\/tienda\/wp-json\/wp\/v2\/media\/42500"}],"wp:attachment":[{"href":"https:\/\/montexanic.mx\/tienda\/wp-json\/wp\/v2\/media?parent=40198"}],"wp:term":[{"taxonomy":"product_cat","embeddable":true,"href":"https:\/\/montexanic.mx\/tienda\/wp-json\/wp\/v2\/product_cat?post=40198"},{"taxonomy":"product_tag","embeddable":true,"href":"https:\/\/montexanic.mx\/tienda\/wp-json\/wp\/v2\/product_tag?post=40198"}],"curies":[{"name":"wp","href":"https:\/\/api.w.org\/{rel}","templated":true}]}}