{"id":43568,"date":"2026-03-02T23:38:16","date_gmt":"2026-03-03T05:38:16","guid":{"rendered":"https:\/\/montexanic.mx\/tienda\/?post_type=product&#038;p=43568"},"modified":"2026-04-14T23:21:45","modified_gmt":"2026-04-15T05:21:45","slug":"monte-xanic-rose-jacarandas","status":"publish","type":"product","link":"https:\/\/montexanic.mx\/tienda\/producto\/monte-xanic-rose-jacarandas\/","title":{"rendered":"Monte Xanic Ros\u00e9 Jacarandas 2025"},"content":{"rendered":"","protected":false},"excerpt":{"rendered":"<p>Cuando M\u00e9xico florece\u2026 lo hace a su manera.<\/p>\n<p>&nbsp;<\/p>\n<p>Esta edici\u00f3n especial y de colecci\u00f3n, celebra la esencia vibrante y colorida del momento del a\u00f1o, en el que todo invita a estar afuera.<\/p>\n<p>&nbsp;<\/p>\n<p>Las Jacarandas, son las flores mexicanas protagonistas de nuestra etiqueta de temporada.<\/p>\n<p>&nbsp;<\/p>\n<p>Vino 100% mexicano bajacaliforniano que enmarca de manera aut\u00e9ntica la mejor expresi\u00f3n de la fruta. Procedente del Valle de Ojos Negros y elaborado con uvas de un vi\u00f1edo trabajado espec\u00edficamente para este vino, Monte Xanic te invita a disfrutar esta edici\u00f3n, creando una experiencia sensorial aut\u00e9ntica y memorable.<\/p>\n<p>&nbsp;<\/p>\n<p>Disponible por tiempo limitado.<\/p>\n<p>&nbsp;<\/p>\n<p>Entregas a partir del 6 de marzo de 2026<\/p>\n","protected":false},"featured_media":43846,"template":"","meta":{"inline_featured_image":false},"product_cat":[161],"product_tag":[],"class_list":{"0":"post-43568","1":"product","2":"type-product","3":"status-publish","4":"has-post-thumbnail","6":"product_cat-vino-de-temporada","8":"first","9":"instock","10":"taxable","11":"shipping-taxable","12":"purchasable","13":"product-type-simple"},"bundled_by":[],"bundle_stock_status":"instock","bundle_stock_quantity":6,"bundle_virtual":false,"bundle_layout":"","bundle_add_to_cart_form_location":"","bundle_editable_in_cart":false,"bundle_sold_individually_context":"","bundle_item_grouping":"","bundle_min_size":"","bundle_max_size":"","bundle_price":[],"bundled_items":[],"bundle_sell_ids":[],"_links":{"self":[{"href":"https:\/\/montexanic.mx\/tienda\/wp-json\/wp\/v2\/product\/43568"}],"collection":[{"href":"https:\/\/montexanic.mx\/tienda\/wp-json\/wp\/v2\/product"}],"about":[{"href":"https:\/\/montexanic.mx\/tienda\/wp-json\/wp\/v2\/types\/product"}],"wp:featuredmedia":[{"embeddable":true,"href":"https:\/\/montexanic.mx\/tienda\/wp-json\/wp\/v2\/media\/43846"}],"wp:attachment":[{"href":"https:\/\/montexanic.mx\/tienda\/wp-json\/wp\/v2\/media?parent=43568"}],"wp:term":[{"taxonomy":"product_cat","embeddable":true,"href":"https:\/\/montexanic.mx\/tienda\/wp-json\/wp\/v2\/product_cat?post=43568"},{"taxonomy":"product_tag","embeddable":true,"href":"https:\/\/montexanic.mx\/tienda\/wp-json\/wp\/v2\/product_tag?post=43568"}],"curies":[{"name":"wp","href":"https:\/\/api.w.org\/{rel}","templated":true}]}}