{"id":43569,"date":"2026-03-02T23:37:53","date_gmt":"2026-03-03T05:37:53","guid":{"rendered":"https:\/\/montexanic.mx\/tienda\/?post_type=product&#038;p=43569"},"modified":"2026-04-13T17:21:56","modified_gmt":"2026-04-13T23:21:56","slug":"monte-xanic-sauvignon-blanc-jacarandas","status":"publish","type":"product","link":"https:\/\/montexanic.mx\/tienda\/producto\/monte-xanic-sauvignon-blanc-jacarandas\/","title":{"rendered":"Monte Xanic Sauvignon Blanc Jacarandas 2025"},"content":{"rendered":"","protected":false},"excerpt":{"rendered":"<p>Cuando M\u00e9xico florece, lo hace de forma excepcional.<\/p>\n<p>&nbsp;<\/p>\n<p>Una edici\u00f3n que protagoniza la jacaranda, flor que pinta los paisajes \u00fanicos de un M\u00e9xico Excepcional.<\/p>\n<p>&nbsp;<\/p>\n<p>Monte Xanic Sauvignon Blanc en su nueva a\u00f1ada 2025, presenta la mejor expresi\u00f3n de la varietal. Un vino de intensidad alta y notas muy expresivas. Frutos c\u00edtricos como la toronja y tropicales como guayaba, guan\u00e1bana, maracuy\u00e1, durazno y pi\u00f1a.<\/p>\n<p>&nbsp;<\/p>\n<p>Acompa\u00f1a estos momentos con Monte Xanic Sauvignon Blanc, nuestro vino \u00edcono, perfecto para acompa\u00f1ar los brunchs y crear experiencias aut\u00e9nticas en cada copa.<\/p>\n<p>&nbsp;<\/p>\n<p>Disponible por tiempo limitado.<\/p>\n<p>&nbsp;<\/p>\n<p>Entregas a partir del 6 de marzo de 2026<\/p>\n","protected":false},"featured_media":43847,"template":"","meta":{"inline_featured_image":false},"product_cat":[161],"product_tag":[],"class_list":{"0":"post-43569","1":"product","2":"type-product","3":"status-publish","4":"has-post-thumbnail","6":"product_cat-vino-de-temporada","8":"first","9":"instock","10":"taxable","11":"shipping-taxable","12":"purchasable","13":"product-type-simple"},"bundled_by":[],"bundle_stock_status":"instock","bundle_stock_quantity":null,"bundle_virtual":false,"bundle_layout":"","bundle_add_to_cart_form_location":"","bundle_editable_in_cart":false,"bundle_sold_individually_context":"","bundle_item_grouping":"","bundle_min_size":"","bundle_max_size":"","bundle_price":[],"bundled_items":[],"bundle_sell_ids":[],"_links":{"self":[{"href":"https:\/\/montexanic.mx\/tienda\/wp-json\/wp\/v2\/product\/43569"}],"collection":[{"href":"https:\/\/montexanic.mx\/tienda\/wp-json\/wp\/v2\/product"}],"about":[{"href":"https:\/\/montexanic.mx\/tienda\/wp-json\/wp\/v2\/types\/product"}],"wp:featuredmedia":[{"embeddable":true,"href":"https:\/\/montexanic.mx\/tienda\/wp-json\/wp\/v2\/media\/43847"}],"wp:attachment":[{"href":"https:\/\/montexanic.mx\/tienda\/wp-json\/wp\/v2\/media?parent=43569"}],"wp:term":[{"taxonomy":"product_cat","embeddable":true,"href":"https:\/\/montexanic.mx\/tienda\/wp-json\/wp\/v2\/product_cat?post=43569"},{"taxonomy":"product_tag","embeddable":true,"href":"https:\/\/montexanic.mx\/tienda\/wp-json\/wp\/v2\/product_tag?post=43569"}],"curies":[{"name":"wp","href":"https:\/\/api.w.org\/{rel}","templated":true}]}}