{"id":44066,"date":"2026-03-26T13:46:55","date_gmt":"2026-03-26T19:46:55","guid":{"rendered":"https:\/\/montexanic.mx\/tienda\/?post_type=product&#038;p=44066"},"modified":"2026-04-06T10:42:23","modified_gmt":"2026-04-06T16:42:23","slug":"rosa-mexicano-kit-con-latas","status":"publish","type":"product","link":"https:\/\/montexanic.mx\/tienda\/producto\/rosa-mexicano-kit-con-latas\/","title":{"rendered":"Rosa Mexicano \u2013 Kit con latas de regalo"},"content":{"rendered":"","protected":false},"excerpt":{"rendered":"<p>Descubre nuestro vino Ros\u00e9, el Rosa Mexicano y ll\u00e9vate de regalo su versi\u00f3n en lata. Monte Xanic Ros\u00e9 es un vino rosado elaborado con uvas 100% Grenache, del Valle de Ojos Negros, cuidadosamente trabajado para este estilo.<\/p>\n<p>&nbsp;<\/p>\n<p>Con aromas de durazno, toronja y frutas rojas como fresas y cerezas, acompa\u00f1ado de notas de flores blancas y rosas, es perfecto para disfrutarse solo o acompa\u00f1ado y llevarlo a cualquier lugar.<\/p>\n<p>&nbsp;<\/p>\n<p>Este kit incluye todo lo necesario para celebrar los momentos al aire libre: una botella de Monte Xanic Ros\u00e9, 2 latas de regalo y una hielera port\u00e1til.<\/p>\n<p>&nbsp;<\/p>\n<p>Disfr\u00fatalo, en vaso con hielo, solo o con un toque de fruta roja fresca como fresas o frambuesas.<\/p>\n<p>&nbsp;<\/p>\n<p>Si es vino rosa, que sea rosa mexicano.<\/p>\n<p><strong>Disponible por tiempo limitado.<\/strong><\/p>\n","protected":false},"featured_media":44082,"template":"","meta":{"inline_featured_image":false},"product_cat":[161],"product_tag":[],"class_list":{"0":"post-44066","1":"product","2":"type-product","3":"status-publish","4":"has-post-thumbnail","6":"product_cat-vino-de-temporada","8":"first","9":"instock","10":"taxable","11":"shipping-taxable","12":"purchasable","13":"product-type-simple"},"bundled_by":[],"bundle_stock_status":"instock","bundle_stock_quantity":null,"bundle_virtual":false,"bundle_layout":"","bundle_add_to_cart_form_location":"","bundle_editable_in_cart":false,"bundle_sold_individually_context":"","bundle_item_grouping":"","bundle_min_size":"","bundle_max_size":"","bundle_price":[],"bundled_items":[],"bundle_sell_ids":[],"_links":{"self":[{"href":"https:\/\/montexanic.mx\/tienda\/wp-json\/wp\/v2\/product\/44066"}],"collection":[{"href":"https:\/\/montexanic.mx\/tienda\/wp-json\/wp\/v2\/product"}],"about":[{"href":"https:\/\/montexanic.mx\/tienda\/wp-json\/wp\/v2\/types\/product"}],"wp:featuredmedia":[{"embeddable":true,"href":"https:\/\/montexanic.mx\/tienda\/wp-json\/wp\/v2\/media\/44082"}],"wp:attachment":[{"href":"https:\/\/montexanic.mx\/tienda\/wp-json\/wp\/v2\/media?parent=44066"}],"wp:term":[{"taxonomy":"product_cat","embeddable":true,"href":"https:\/\/montexanic.mx\/tienda\/wp-json\/wp\/v2\/product_cat?post=44066"},{"taxonomy":"product_tag","embeddable":true,"href":"https:\/\/montexanic.mx\/tienda\/wp-json\/wp\/v2\/product_tag?post=44066"}],"curies":[{"name":"wp","href":"https:\/\/api.w.org\/{rel}","templated":true}]}}