{"id":44601,"date":"2026-05-14T16:28:42","date_gmt":"2026-05-14T22:28:42","guid":{"rendered":"https:\/\/montexanic.mx\/tienda\/?post_type=product&#038;p=44601"},"modified":"2026-05-15T14:02:29","modified_gmt":"2026-05-15T20:02:29","slug":"calixa-anfitrion-excepcional-03","status":"publish","type":"product","link":"https:\/\/montexanic.mx\/tienda\/producto\/calixa-anfitrion-excepcional-03\/","title":{"rendered":"Calixa &#8220;Anfitri\u00f3n Excepcional&#8221; USA"},"content":{"rendered":"<p><strong>Calixa Cabernet Syrah<\/strong><br \/>\nCalixa Cabernet Sauvignon\u2013Syrah ganador de medalla de plata por el Concurso Bacchus, ofrece un perfil arom\u00e1tico de frutas rojas como frambuesa, cereza y fresa, acompa\u00f1ado de notas especiadas de pimienta, canela y vainilla, con una boca fresca, seca y de acidez jugosa.<\/p>\n<p>&nbsp;<\/p>\n<p>Es un vino, ideal para tomarse solo o acompa\u00f1ar carnes asadas, antojitos mexicanos, quesos j\u00f3venes y charcuter\u00eda.<\/p>\n","protected":false},"excerpt":{"rendered":"<p>Descubre nuestra colecci\u00f3n limitada de 12 etiquetas especiales de Calixa Cabernet Sauvignon\u2013Syrah 2025, inspiradas en los pa\u00edses que formar\u00e1n parte de las celebraciones globales que converger\u00e1n en M\u00e9xico durante este a\u00f1o.<\/p>\n<p>&nbsp;<\/p>\n<p>Una edici\u00f3n conmemorativa de Monte Xanic que celebra a M\u00e9xico como pa\u00eds anfitri\u00f3n y su hospitalidad \u00fanica, a trav\u00e9s de etiquetas que honran el encuentro entre naciones, culturas y formas de compartir.<\/p>\n<p>&nbsp;<\/p>\n<p>Este a\u00f1o, con Calixa Cabernet Sauvignon\u2013Syrah, no solo se trata de recibir al mundo sino de hacer que el mundo se sienta en casa.<\/p>\n<p>&nbsp;<\/p>\n<p><strong>Calixa, el vino de tu casa.<\/strong><br \/>\nHasta agotar existencias.<\/p>\n","protected":false},"featured_media":44830,"template":"","meta":{"inline_featured_image":false},"product_cat":[162],"product_tag":[],"class_list":{"0":"post-44601","1":"product","2":"type-product","3":"status-publish","4":"has-post-thumbnail","6":"product_cat-mundial","8":"first","9":"instock","10":"taxable","11":"shipping-taxable","12":"purchasable","13":"product-type-simple"},"bundled_by":[],"bundle_stock_status":"instock","bundle_stock_quantity":null,"bundle_virtual":false,"bundle_layout":"","bundle_add_to_cart_form_location":"","bundle_editable_in_cart":false,"bundle_sold_individually_context":"","bundle_item_grouping":"","bundle_min_size":"","bundle_max_size":"","bundle_price":[],"bundled_items":[],"bundle_sell_ids":[],"_links":{"self":[{"href":"https:\/\/montexanic.mx\/tienda\/wp-json\/wp\/v2\/product\/44601"}],"collection":[{"href":"https:\/\/montexanic.mx\/tienda\/wp-json\/wp\/v2\/product"}],"about":[{"href":"https:\/\/montexanic.mx\/tienda\/wp-json\/wp\/v2\/types\/product"}],"wp:featuredmedia":[{"embeddable":true,"href":"https:\/\/montexanic.mx\/tienda\/wp-json\/wp\/v2\/media\/44830"}],"wp:attachment":[{"href":"https:\/\/montexanic.mx\/tienda\/wp-json\/wp\/v2\/media?parent=44601"}],"wp:term":[{"taxonomy":"product_cat","embeddable":true,"href":"https:\/\/montexanic.mx\/tienda\/wp-json\/wp\/v2\/product_cat?post=44601"},{"taxonomy":"product_tag","embeddable":true,"href":"https:\/\/montexanic.mx\/tienda\/wp-json\/wp\/v2\/product_tag?post=44601"}],"curies":[{"name":"wp","href":"https:\/\/api.w.org\/{rel}","templated":true}]}}