{"id":44602,"date":"2026-04-23T18:12:40","date_gmt":"2026-04-24T00:12:40","guid":{"rendered":"https:\/\/montexanic.mx\/tienda\/?post_type=product&#038;p=44602"},"modified":"2026-04-27T00:04:13","modified_gmt":"2026-04-27T06:04:13","slug":"monte-xanic-rose-jacarandas-a-mano","status":"publish","type":"product","link":"https:\/\/montexanic.mx\/tienda\/producto\/monte-xanic-rose-jacarandas-a-mano\/","title":{"rendered":"Monte Xanic Ros\u00e9 Edici\u00f3n D\u00eda de las Madres"},"content":{"rendered":"","protected":false},"excerpt":{"rendered":"<p>Hay momentos que merecen celebrarse con algo verdaderamente excepcional.<\/p>\n<p>&nbsp;<\/p>\n<p>Este 10 de mayo, festeja a tu mam\u00e1 con una edici\u00f3n de nuestro Ros\u00e9 pintada a mano.<\/p>\n<p>&nbsp;<\/p>\n<p>Monte Xanic Ros\u00e9 presenta una edici\u00f3n especial intervenida a mano, donde delicadas flores de jacaranda en tonos violetas \u2014s\u00edmbolo de la belleza ef\u00edmera y vibrante de M\u00e9xico\u2014 envuelven la botella en una expresi\u00f3n art\u00edstica \u00fanica. Cada trazo, ligero y org\u00e1nico, y cada detalle en caligraf\u00eda artesanal, hacen de esta pieza un objeto irrepetible, creado para regalar emoci\u00f3n.<\/p>\n<p>&nbsp;<\/p>\n<p>Desde el Valle de Ojos Negros, este ros\u00e9 100% mexicano revela la pureza y frescura de su fruta, resultado de un vi\u00f1edo dedicado a capturar su mejor expresi\u00f3n. Un vino elegante, luminoso y profundamente aut\u00e9ntico, pensado para acompa\u00f1ar los momentos que se quedan para siempre.<\/p>\n<p>&nbsp;<\/p>\n<p>Incluye una exclusiva bolsa de manta de regalo.<br \/>\nEdici\u00f3n disponible por tiempo limitado.<\/p>\n","protected":false},"featured_media":44720,"template":"","meta":{"inline_featured_image":false},"product_cat":[21,161],"product_tag":[],"class_list":{"0":"post-44602","1":"product","2":"type-product","3":"status-publish","4":"has-post-thumbnail","6":"product_cat-monte-xanic","7":"product_cat-vino-de-temporada","9":"first","10":"instock","11":"taxable","12":"shipping-taxable","13":"purchasable","14":"product-type-simple"},"bundled_by":[],"bundle_stock_status":"instock","bundle_stock_quantity":null,"bundle_virtual":false,"bundle_layout":"","bundle_add_to_cart_form_location":"","bundle_editable_in_cart":false,"bundle_sold_individually_context":"","bundle_item_grouping":"","bundle_min_size":"","bundle_max_size":"","bundle_price":[],"bundled_items":[],"bundle_sell_ids":[],"_links":{"self":[{"href":"https:\/\/montexanic.mx\/tienda\/wp-json\/wp\/v2\/product\/44602"}],"collection":[{"href":"https:\/\/montexanic.mx\/tienda\/wp-json\/wp\/v2\/product"}],"about":[{"href":"https:\/\/montexanic.mx\/tienda\/wp-json\/wp\/v2\/types\/product"}],"wp:featuredmedia":[{"embeddable":true,"href":"https:\/\/montexanic.mx\/tienda\/wp-json\/wp\/v2\/media\/44720"}],"wp:attachment":[{"href":"https:\/\/montexanic.mx\/tienda\/wp-json\/wp\/v2\/media?parent=44602"}],"wp:term":[{"taxonomy":"product_cat","embeddable":true,"href":"https:\/\/montexanic.mx\/tienda\/wp-json\/wp\/v2\/product_cat?post=44602"},{"taxonomy":"product_tag","embeddable":true,"href":"https:\/\/montexanic.mx\/tienda\/wp-json\/wp\/v2\/product_tag?post=44602"}],"curies":[{"name":"wp","href":"https:\/\/api.w.org\/{rel}","templated":true}]}}