{"id":904,"date":"2020-07-17T18:24:03","date_gmt":"2020-07-17T23:24:03","guid":{"rendered":"https:\/\/montexanic.mx\/tienda\/?post_type=product&#038;p=904"},"modified":"2026-04-10T21:33:07","modified_gmt":"2026-04-11T03:33:07","slug":"aceite-de-oliva-monte-xanic","status":"publish","type":"product","link":"https:\/\/montexanic.mx\/tienda\/producto\/aceite-de-oliva-monte-xanic\/","title":{"rendered":"Aceite de oliva Monte Xanic"},"content":{"rendered":"","protected":false},"excerpt":{"rendered":"<p>&nbsp;<\/p>\n<p><strong>Edici\u00f3n Limitada. Venta Exclusiva de Monte Xanic.<\/strong><\/p>\n<p>Este aceite, es\u00a0producido\u00a0con los\u00a0mejores\u00a0Olivos que rodean los vi\u00f1edos\u00a0de Monte Xanic en el Valle de Guadalupe, Baja California.<\/p>\n<p>Estos \u00e1rboles acompa\u00f1an el proceso de crecimiento de nuestras vides y a\u00f1o con a\u00f1o producen aceitunas de gran calidad y sabor.<\/p>\n<p>Toda la cosecha es a mano.<\/p>\n<p>El resultado del proceso es un aceite con una intensidad arom\u00e1tica alta, muy floral, con notas de hierba reci\u00e9n cortada y nuez.<\/p>\n<p>Se produce con el m\u00e9todo \u201cprensado en frio\u201d y gracias a esto, se conserva el zumo natural de la aceituna y las bondades de su aroma y sabor natural. Es un aceite sin intervenciones y en paladar te sorprender\u00e1.<\/p>\n","protected":false},"featured_media":906,"template":"","meta":{"inline_featured_image":false},"product_cat":[33],"product_tag":[],"class_list":{"0":"post-904","1":"product","2":"type-product","3":"status-publish","4":"has-post-thumbnail","6":"product_cat-experiencias-mx","8":"first","9":"instock","10":"taxable","11":"shipping-taxable","12":"purchasable","13":"product-type-simple"},"bundled_by":[],"bundle_stock_status":"instock","bundle_stock_quantity":24,"bundle_virtual":false,"bundle_layout":"","bundle_add_to_cart_form_location":"","bundle_editable_in_cart":false,"bundle_sold_individually_context":"","bundle_item_grouping":"","bundle_min_size":"","bundle_max_size":"","bundle_price":[],"bundled_items":[],"bundle_sell_ids":[],"_links":{"self":[{"href":"https:\/\/montexanic.mx\/tienda\/wp-json\/wp\/v2\/product\/904"}],"collection":[{"href":"https:\/\/montexanic.mx\/tienda\/wp-json\/wp\/v2\/product"}],"about":[{"href":"https:\/\/montexanic.mx\/tienda\/wp-json\/wp\/v2\/types\/product"}],"wp:featuredmedia":[{"embeddable":true,"href":"https:\/\/montexanic.mx\/tienda\/wp-json\/wp\/v2\/media\/906"}],"wp:attachment":[{"href":"https:\/\/montexanic.mx\/tienda\/wp-json\/wp\/v2\/media?parent=904"}],"wp:term":[{"taxonomy":"product_cat","embeddable":true,"href":"https:\/\/montexanic.mx\/tienda\/wp-json\/wp\/v2\/product_cat?post=904"},{"taxonomy":"product_tag","embeddable":true,"href":"https:\/\/montexanic.mx\/tienda\/wp-json\/wp\/v2\/product_tag?post=904"}],"curies":[{"name":"wp","href":"https:\/\/api.w.org\/{rel}","templated":true}]}}